{"id":1802,"date":"2022-02-22T10:31:26","date_gmt":"2022-02-22T09:31:26","guid":{"rendered":"https:\/\/martus.sk\/?page_id=1802"},"modified":"2025-09-23T09:13:14","modified_gmt":"2025-09-23T07:13:14","slug":"zvaranie","status":"publish","type":"page","link":"https:\/\/martus.sk\/de\/schweissen\/","title":{"rendered":"Schwei\u00dfen"},"content":{"rendered":"<div class=\"vc_row wpb_row vc_row-fluid vc_custom_1571064775001\"><div class=\"wpb_column vc_column_container vc_col-sm-8\"><div class=\"vc_column-inner\"><div class=\"wpb_wrapper\">\n\t\t\t<!-- START Zv\u00e1ranie REVOLUTION SLIDER 6.5.7 --><p class=\"rs-p-wp-fix\"><\/p>\n\t\t\t<rs-module-wrap id=\"rev_slider_19_1_wrapper\" data-source=\"gallery\" style=\"visibility:hidden;background:transparent;padding:0;margin:0px auto;margin-top:0;margin-bottom:0;max-width:none;\">\n\t\t\t\t<rs-module id=\"rev_slider_19_1\" style=\"\" data-version=\"6.5.7\">\n\t\t\t\t\t<rs-slides>\n\t\t\t\t\t\t<rs-slide style=\"position: absolute;\" data-key=\"rs-50\" data-title=\"Zv\u00e1ranie\" data-in=\"o:0;\" data-out=\"a:false;\">\n\t\t\t\t\t\t\t<img loading=\"lazy\" decoding=\"async\" src=\"\/\/martus.sk\/wp-content\/plugins\/revslider\/public\/assets\/assets\/dummy.png\" alt=\"Zvaranie-Martus-Nove-Zamky\" title=\"Zvaranie-Martus-Nove-Zamky\" width=\"770\" height=\"424\" class=\"rev-slidebg tp-rs-img rs-lazyload\" data-lazyload=\"\/\/martus.sk\/wp-content\/uploads\/2022\/02\/Zvaranie-Martus-Nove-Zamky.jpg\" data-no-retina>\n<!---->\t\t\t\t\t\t<\/rs-slide>\n\t\t\t\t\t<\/rs-slides>\n\t\t\t\t<\/rs-module>\n\t\t\t\t<script type=\"text\/javascript\">\n\t\t\t\t\tsetREVStartSize({c: 'rev_slider_19_1',rl:[1240,1024,778,480],el:[660],gw:[1200],gh:[660],type:'carousel',justify:'',layout:'fullwidth',mh:\"0\"});if (window.RS_MODULES!==undefined && window.RS_MODULES.modules!==undefined && window.RS_MODULES.modules[\"revslider191\"]!==undefined) {window.RS_MODULES.modules[\"revslider191\"].once = false;window.revapi19 = undefined;if (window.RS_MODULES.checkMinimal!==undefined) window.RS_MODULES.checkMinimal()}\n\t\t\t\t<\/script>\n\t\t\t<\/rs-module-wrap>\n\t\t\t<!-- END REVOLUTION SLIDER -->\n<div style=\"background-color:;height: 20px\" class=\"nicdark_section\"><\/div> <p style=\"color:#000000;padding:px;text-align:;font-size:24px;line-height:px;letter-spacing: px;font-weight:normal\" class=\"nd_options_first_font\">SCHWEI\u00dfEN<\/p> <div style=\"background-color:;height: 20px\" class=\"nicdark_section\"><\/div>\n\t<div class=\"wpb_text_column wpb_content_element\" >\n\t\t<div class=\"wpb_wrapper\">\n\t\t\t<p>Schwei\u00dfen ist ein relativ stark vertretener Bereich in unserem Unternehmen. WIG- und MIG-Schwei\u00dfungen (Widerstandsschwei\u00dfen, Punktschwei\u00dfen) von kleinsten Abmessungen bis zu mehrlagigen Schwei\u00dfn\u00e4hten. Das geschwei\u00dfte Sortiment wird von 0,8 mm dicken Blechen bis hin zu geschwei\u00dften Konstruktionen mit Wandst\u00e4rken bis 20 mm abgedeckt.<\/p>\n<p>Schwei\u00dfmaschinen FORMIG 250, FORMIG 452.1 FWS, FORMIG 389 FW<br \/>\nCelette Scorpion 2000 Punktschwei\u00dfger\u00e4t, Nelson - N 10 Schwei\u00dfger\u00e4t<\/p>\n\n\t\t<\/div>\n\t<\/div>\n<div style=\"background-color:;height: 50px\" class=\"nicdark_section\"><\/div><div style=\"background-color:;height: 50px\" class=\"nicdark_section\"><\/div> <h3 style=\"color:;padding:px;text-align:;font-size:20px;line-height:30px;letter-spacing: px;font-weight:normal\" class=\"nd_options_first_font\">HABEN SIE INTERESSE AN UNSEREN LEISTUNGEN?<\/h3> <div style=\"background-color:;height: 15px\" class=\"nicdark_section\"><\/div> <p style=\"color:;padding:px;text-align:;font-size:px;line-height:px;letter-spacing: px;font-weight:\" class=\"\">Nap\u00ed\u0161te n\u00e1m a my v\u00e1s obratom budeme kontaktova\u0165.<\/p> <div style=\"background-color:;height: 30px\" class=\"nicdark_section\"><\/div>\n\t<div class=\"wpb_raw_code wpb_content_element wpb_raw_html\" >\n\t\t<div class=\"wpb_wrapper\">\n\t\t\t\n\n\n\n\n<p>Ihre Fragen k\u00f6nnen Sie uns unter folgender Adresse senden: <a style=\"color:black;\" href=\"mailto:info@martus.sk\">info@martus.sk<\/a><\/p>\n\n\n\n<div style=\"display: none\">\n\n\n \n<div class=\"wpcf7 no-js\" id=\"wpcf7-f2703-o1\" lang=\"en-US\" dir=\"ltr\">\n<div class=\"screen-reader-response\"><p role=\"status\" aria-live=\"polite\" aria-atomic=\"true\"><\/p> <ul><\/ul><\/div>\n<form action=\"\/de\/wp-json\/wp\/v2\/pages\/1802#wpcf7-f2703-o1\" method=\"post\" class=\"wpcf7-form init wpcf7-acceptance-as-validation\" aria-label=\"Contact form\" novalidate=\"novalidate\" data-status=\"init\" data-trp-original-action=\"\/de\/wp-json\/wp\/v2\/pages\/1802#wpcf7-f2703-o1\">\n<div style=\"display: none;\">\n<input type=\"hidden\" name=\"_wpcf7\" value=\"2703\" \/>\n<input type=\"hidden\" name=\"_wpcf7_version\" value=\"5.8.2\" \/>\n<input type=\"hidden\" name=\"_wpcf7_locale\" value=\"en_US\" \/>\n<input type=\"hidden\" name=\"_wpcf7_unit_tag\" value=\"wpcf7-f2703-o1\" \/>\n<input type=\"hidden\" name=\"_wpcf7_container_post\" value=\"0\" \/>\n<input type=\"hidden\" name=\"_wpcf7_posted_data_hash\" value=\"\" \/>\n<input type=\"hidden\" name=\"_wpcf7_recaptcha_response\" value=\"\" \/>\n<\/div>\n<p>Name:<br \/>\n<span class=\"wpcf7-form-control-wrap\" data-name=\"name-form\"><input size=\"40\" class=\"wpcf7-form-control wpcf7-text wpcf7-validates-as-required\" aria-required=\"true\" aria-invalid=\"false\" placeholder=\"Name\" value=\"\" type=\"text\" name=\"name-form\" \/><\/span><br \/>\nE-mail:<br \/>\n<span class=\"wpcf7-form-control-wrap\" data-name=\"email\"><input size=\"40\" class=\"wpcf7-form-control wpcf7-email wpcf7-validates-as-required wpcf7-text wpcf7-validates-as-email\" aria-required=\"true\" aria-invalid=\"false\" placeholder=\"Email\" value=\"\" type=\"email\" name=\"email\" \/><\/span><br \/>\nEine Nachricht:<br \/>\n<span class=\"wpcf7-form-control-wrap\" data-name=\"message\"><textarea cols=\"40\" rows=\"4\" class=\"wpcf7-form-control wpcf7-textarea\" aria-invalid=\"false\" placeholder=\"Eine Nachricht\" name=\"message\"><\/textarea><\/span><br \/>\n<span class=\"wpcf7-form-control-wrap\" data-name=\"acceptance-216\"><span class=\"wpcf7-form-control wpcf7-acceptance\"><span class=\"wpcf7-list-item\"><label><input type=\"checkbox\" name=\"acceptance-216\" value=\"1\" class=\"suhlas-gdpr\" aria-invalid=\"false\" \/><span class=\"wpcf7-list-item-label\">Ich habe die <a href=\"\/de\/ochrana-sukromia\/\" target=\"_Blank\">Verarbeitung personenbezogener Daten<\/a> gelesen und stimme zu.<\/span><\/label><\/span><\/span><\/span>\n<\/p>\n<p class=\"recapcha-text\">Diese Webseite ist durch reCAPTCHA gesch\u00fctzt und es gelten die <a href=\"https:\/\/policies.google.com\/privacy\" target=\"_Blank\">Datenschutzbedingungen<\/a> und <a href=\"https:\/\/policies.google.com\/terms\" target=\"_Blank\">Nutzungsbedingungen<\/a> von Google.\n<\/p>\n<p><input class=\"wpcf7-form-control wpcf7-submit has-spinner nd_options_width_100_percentage\" type=\"submit\" value=\"EINE NACHRICHT SCHICKEN\" \/>\n<\/p><div class=\"wpcf7-response-output\" aria-hidden=\"true\"><\/div>\n<input type=\"hidden\" name=\"trp-form-language\" value=\"de\"\/><\/form>\n<\/div>\n \n<\/div>\n\t\t<\/div>\n\t<\/div>\n<div style=\"background-color:;height: 20px\" class=\"nicdark_section\"><\/div><\/div><\/div><\/div><div class=\"wpb_column vc_column_container vc_col-sm-4\"><div class=\"vc_column-inner\"><div class=\"wpb_wrapper\"><div class=\"vc_row wpb_row vc_inner vc_row-fluid\"><div class=\"wpb_column vc_column_container vc_col-sm-12\"><div class=\"vc_column-inner\"><div class=\"wpb_wrapper\"> <h3 style=\"color:;padding:px;text-align:;font-size:20px;line-height:px;letter-spacing: px;font-weight:\" class=\"\">UNSERE LEISTUNGEN<\/h3> <div style=\"background-color:;height: 30px\" class=\"nicdark_section\"><\/div><div class=\"services_menu nd_options_menu_component nd_options_section nd_options_menu_component_752\"><div class=\"menu-services-menu-container\"><ul id=\"menu-services-menu\" class=\"menu\"><li id=\"menu-item-1616\" class=\"menu-item menu-item-type-post_type menu-item-object-page menu-item-1616\"><a href=\"https:\/\/martus.sk\/de\/laserbrennen\/\" data-ps2id-api=\"true\">Laserbrennen<\/a><\/li>\n<li id=\"menu-item-1813\" class=\"menu-item menu-item-type-post_type menu-item-object-page menu-item-1813\"><a href=\"https:\/\/martus.sk\/de\/biegen-abkanten\/\" data-ps2id-api=\"true\">Biegen \/ Abkanten<\/a><\/li>\n<li id=\"menu-item-1812\" class=\"menu-item menu-item-type-post_type menu-item-object-page menu-item-1812\"><a href=\"https:\/\/martus.sk\/de\/stanzen\/\" data-ps2id-api=\"true\">Schneiden<\/a><\/li>\n<li id=\"menu-item-1811\" class=\"menu-item menu-item-type-post_type menu-item-object-page menu-item-1811\"><a href=\"https:\/\/martus.sk\/de\/pressen-nieten\/\" data-ps2id-api=\"true\">Pressen und Nieten<\/a><\/li>\n<li id=\"menu-item-1809\" class=\"menu-item menu-item-type-post_type menu-item-object-page menu-item-1809\"><a href=\"https:\/\/martus.sk\/de\/schweissen\/\" data-ps2id-api=\"true\">Schwei\u00dfen<\/a><\/li>\n<\/ul><\/div><\/div><\/div><\/div><\/div><\/div><\/div><\/div><\/div><\/div>","protected":false},"excerpt":{"rendered":"ZV\u00c1RANIE Prevedenie zvarov met\u00f3dami TIG a MIG, (odporov\u00e9 zv\u00e1ranie, bodovanie) od najmen\u0161\u00edch ve\u013ekost\u00ed a\u017e po nieko\u013ekovrstvov\u00e9 zvary. Zv\u00e1ran\u00fd sortiment je pokryt\u00fd od plechov hr\u00fabok 0,8 mm a\u017e po zv\u00e1ran\u00e9 kon\u0161trukcie s hr\u00fabkami stien do 20 mm. Zv\u00e1racie agreg\u00e1ty FORMIG 250, FORMIG 452.1 FWS, FORMIG 389 FW Bodov\u00e1 zv\u00e1ra\u010dka Celette scorpion 2000, bodov\u00e1 zv\u00e1ra\u010dka Soyer BMS [...]","protected":false},"author":1,"featured_media":0,"parent":0,"menu_order":0,"comment_status":"closed","ping_status":"closed","template":"","meta":{"footnotes":""},"class_list":["post-1802","page","type-page","status-publish","hentry"],"yoast_head":"<!-- This site is optimized with the Yoast SEO plugin v27.4 - https:\/\/yoast.com\/product\/yoast-seo-wordpress\/ -->\n<title>Zv\u00e1ranie | Martus - Prevedenie zvarov met\u00f3dami TIG a MIG<\/title>\n<meta name=\"description\" content=\"Prevedenie zvarov met\u00f3dami TIG a MIG, odporov\u00e9 zv\u00e1ranie, bodovanie, od najmen\u0161\u00edch a\u017e po nieko\u013eko-vrstvov\u00e9 zvary dostupn\u00e9 v Martus Nov\u00e9 Z\u00e1mky.\" \/>\n<meta name=\"robots\" content=\"index, follow, max-snippet:-1, max-image-preview:large, max-video-preview:-1\" \/>\n<link rel=\"canonical\" href=\"https:\/\/martus.sk\/de\/schweissen\/\" \/>\n<meta property=\"og:locale\" content=\"de_DE\" \/>\n<meta property=\"og:type\" content=\"article\" \/>\n<meta property=\"og:title\" content=\"Zv\u00e1ranie | Martus - Prevedenie zvarov met\u00f3dami TIG a MIG\" \/>\n<meta property=\"og:description\" content=\"Prevedenie zvarov met\u00f3dami TIG a MIG, odporov\u00e9 zv\u00e1ranie, bodovanie, od najmen\u0161\u00edch a\u017e po nieko\u013eko-vrstvov\u00e9 zvary dostupn\u00e9 v Martus Nov\u00e9 Z\u00e1mky.\" \/>\n<meta property=\"og:url\" content=\"https:\/\/martus.sk\/de\/schweissen\/\" \/>\n<meta property=\"og:site_name\" content=\"Martus\" \/>\n<meta property=\"article:modified_time\" content=\"2025-09-23T07:13:14+00:00\" \/>\n<meta property=\"og:image\" content=\"https:\/\/martus.sk\/wp-content\/uploads\/2022\/03\/logo-martus-nove.png\" \/>\n\t<meta property=\"og:image:width\" content=\"350\" \/>\n\t<meta property=\"og:image:height\" content=\"71\" \/>\n\t<meta property=\"og:image:type\" content=\"image\/png\" \/>\n<meta name=\"twitter:card\" content=\"summary_large_image\" \/>\n<meta name=\"twitter:label1\" content=\"Gesch\u00e4tzte Lesezeit\" \/>\n\t<meta name=\"twitter:data1\" content=\"6\u00a0Minuten\" \/>\n<script type=\"application\/ld+json\" class=\"yoast-schema-graph\">{\"@context\":\"https:\\\/\\\/schema.org\",\"@graph\":[{\"@type\":\"WebPage\",\"@id\":\"https:\\\/\\\/martus.sk\\\/zvaranie\\\/\",\"url\":\"https:\\\/\\\/martus.sk\\\/zvaranie\\\/\",\"name\":\"Zv\u00e1ranie | Martus - Prevedenie zvarov met\u00f3dami TIG a MIG\",\"isPartOf\":{\"@id\":\"https:\\\/\\\/martus.sk\\\/#website\"},\"datePublished\":\"2022-02-22T09:31:26+00:00\",\"dateModified\":\"2025-09-23T07:13:14+00:00\",\"description\":\"Prevedenie zvarov met\u00f3dami TIG a MIG, odporov\u00e9 zv\u00e1ranie, bodovanie, od najmen\u0161\u00edch a\u017e po nieko\u013eko-vrstvov\u00e9 zvary dostupn\u00e9 v Martus Nov\u00e9 Z\u00e1mky.\",\"breadcrumb\":{\"@id\":\"https:\\\/\\\/martus.sk\\\/zvaranie\\\/#breadcrumb\"},\"inLanguage\":\"de\",\"potentialAction\":[{\"@type\":\"ReadAction\",\"target\":[\"https:\\\/\\\/martus.sk\\\/zvaranie\\\/\"]}]},{\"@type\":\"BreadcrumbList\",\"@id\":\"https:\\\/\\\/martus.sk\\\/zvaranie\\\/#breadcrumb\",\"itemListElement\":[{\"@type\":\"ListItem\",\"position\":1,\"name\":\"Domovsk\u00e1 str\u00e1nka\",\"item\":\"https:\\\/\\\/martus.sk\\\/\"},{\"@type\":\"ListItem\",\"position\":2,\"name\":\"Zv\u00e1ranie\"}]},{\"@type\":\"WebSite\",\"@id\":\"https:\\\/\\\/martus.sk\\\/#website\",\"url\":\"https:\\\/\\\/martus.sk\\\/\",\"name\":\"Martus\",\"description\":\"sheet metal technology\",\"publisher\":{\"@id\":\"https:\\\/\\\/martus.sk\\\/#organization\"},\"potentialAction\":[{\"@type\":\"SearchAction\",\"target\":{\"@type\":\"EntryPoint\",\"urlTemplate\":\"https:\\\/\\\/martus.sk\\\/?s={search_term_string}\"},\"query-input\":{\"@type\":\"PropertyValueSpecification\",\"valueRequired\":true,\"valueName\":\"search_term_string\"}}],\"inLanguage\":\"de\"},{\"@type\":\"Organization\",\"@id\":\"https:\\\/\\\/martus.sk\\\/#organization\",\"name\":\"Martus\",\"url\":\"https:\\\/\\\/martus.sk\\\/\",\"logo\":{\"@type\":\"ImageObject\",\"inLanguage\":\"de\",\"@id\":\"https:\\\/\\\/martus.sk\\\/#\\\/schema\\\/logo\\\/image\\\/\",\"url\":\"https:\\\/\\\/martus.sk\\\/wp-content\\\/uploads\\\/2022\\\/03\\\/logo-martus-nove.png\",\"contentUrl\":\"https:\\\/\\\/martus.sk\\\/wp-content\\\/uploads\\\/2022\\\/03\\\/logo-martus-nove.png\",\"width\":350,\"height\":71,\"caption\":\"Martus\"},\"image\":{\"@id\":\"https:\\\/\\\/martus.sk\\\/#\\\/schema\\\/logo\\\/image\\\/\"}}]}<\/script>\n<!-- \/ Yoast SEO plugin. -->","yoast_head_json":{"title":"Zv\u00e1ranie | Martus - Prevedenie zvarov met\u00f3dami TIG a MIG","description":"Prevedenie zvarov met\u00f3dami TIG a MIG, odporov\u00e9 zv\u00e1ranie, bodovanie, od najmen\u0161\u00edch a\u017e po nieko\u013eko-vrstvov\u00e9 zvary dostupn\u00e9 v Martus Nov\u00e9 Z\u00e1mky.","robots":{"index":"index","follow":"follow","max-snippet":"max-snippet:-1","max-image-preview":"max-image-preview:large","max-video-preview":"max-video-preview:-1"},"canonical":"https:\/\/martus.sk\/de\/schweissen\/","og_locale":"de_DE","og_type":"article","og_title":"Zv\u00e1ranie | Martus - Prevedenie zvarov met\u00f3dami TIG a MIG","og_description":"Prevedenie zvarov met\u00f3dami TIG a MIG, odporov\u00e9 zv\u00e1ranie, bodovanie, od najmen\u0161\u00edch a\u017e po nieko\u013eko-vrstvov\u00e9 zvary dostupn\u00e9 v Martus Nov\u00e9 Z\u00e1mky.","og_url":"https:\/\/martus.sk\/de\/schweissen\/","og_site_name":"Martus","article_modified_time":"2025-09-23T07:13:14+00:00","og_image":[{"width":350,"height":71,"url":"https:\/\/martus.sk\/wp-content\/uploads\/2022\/03\/logo-martus-nove.png","type":"image\/png"}],"twitter_card":"summary_large_image","twitter_misc":{"Gesch\u00e4tzte Lesezeit":"6\u00a0Minuten"},"schema":{"@context":"https:\/\/schema.org","@graph":[{"@type":"WebPage","@id":"https:\/\/martus.sk\/zvaranie\/","url":"https:\/\/martus.sk\/zvaranie\/","name":"Zv\u00e1ranie | Martus - Prevedenie zvarov met\u00f3dami TIG a MIG","isPartOf":{"@id":"https:\/\/martus.sk\/#website"},"datePublished":"2022-02-22T09:31:26+00:00","dateModified":"2025-09-23T07:13:14+00:00","description":"Prevedenie zvarov met\u00f3dami TIG a MIG, odporov\u00e9 zv\u00e1ranie, bodovanie, od najmen\u0161\u00edch a\u017e po nieko\u013eko-vrstvov\u00e9 zvary dostupn\u00e9 v Martus Nov\u00e9 Z\u00e1mky.","breadcrumb":{"@id":"https:\/\/martus.sk\/zvaranie\/#breadcrumb"},"inLanguage":"de","potentialAction":[{"@type":"ReadAction","target":["https:\/\/martus.sk\/zvaranie\/"]}]},{"@type":"BreadcrumbList","@id":"https:\/\/martus.sk\/zvaranie\/#breadcrumb","itemListElement":[{"@type":"ListItem","position":1,"name":"Domovsk\u00e1 str\u00e1nka","item":"https:\/\/martus.sk\/"},{"@type":"ListItem","position":2,"name":"Zv\u00e1ranie"}]},{"@type":"WebSite","@id":"https:\/\/martus.sk\/#website","url":"https:\/\/martus.sk\/","name":"Martus","description":"sheet metal technology","publisher":{"@id":"https:\/\/martus.sk\/#organization"},"potentialAction":[{"@type":"SearchAction","target":{"@type":"EntryPoint","urlTemplate":"https:\/\/martus.sk\/?s={search_term_string}"},"query-input":{"@type":"PropertyValueSpecification","valueRequired":true,"valueName":"search_term_string"}}],"inLanguage":"de"},{"@type":"Organization","@id":"https:\/\/martus.sk\/#organization","name":"Martus","url":"https:\/\/martus.sk\/","logo":{"@type":"ImageObject","inLanguage":"de","@id":"https:\/\/martus.sk\/#\/schema\/logo\/image\/","url":"https:\/\/martus.sk\/wp-content\/uploads\/2022\/03\/logo-martus-nove.png","contentUrl":"https:\/\/martus.sk\/wp-content\/uploads\/2022\/03\/logo-martus-nove.png","width":350,"height":71,"caption":"Martus"},"image":{"@id":"https:\/\/martus.sk\/#\/schema\/logo\/image\/"}}]}},"_links":{"self":[{"href":"https:\/\/martus.sk\/de\/wp-json\/wp\/v2\/pages\/1802","targetHints":{"allow":["GET"]}}],"collection":[{"href":"https:\/\/martus.sk\/de\/wp-json\/wp\/v2\/pages"}],"about":[{"href":"https:\/\/martus.sk\/de\/wp-json\/wp\/v2\/types\/page"}],"author":[{"embeddable":true,"href":"https:\/\/martus.sk\/de\/wp-json\/wp\/v2\/users\/1"}],"replies":[{"embeddable":true,"href":"https:\/\/martus.sk\/de\/wp-json\/wp\/v2\/comments?post=1802"}],"version-history":[{"count":6,"href":"https:\/\/martus.sk\/de\/wp-json\/wp\/v2\/pages\/1802\/revisions"}],"predecessor-version":[{"id":3021,"href":"https:\/\/martus.sk\/de\/wp-json\/wp\/v2\/pages\/1802\/revisions\/3021"}],"wp:attachment":[{"href":"https:\/\/martus.sk\/de\/wp-json\/wp\/v2\/media?parent=1802"}],"curies":[{"name":"wp","href":"https:\/\/api.w.org\/{rel}","templated":true}]}}