{"id":1798,"date":"2022-02-22T10:30:39","date_gmt":"2022-02-22T09:30:39","guid":{"rendered":"https:\/\/martus.sk\/?page_id=1798"},"modified":"2025-09-23T09:12:32","modified_gmt":"2025-09-23T07:12:32","slug":"lisovanie-nitovanie","status":"publish","type":"page","link":"https:\/\/martus.sk\/en\/pressing-riveting\/","title":{"rendered":"Pressing and riveting"},"content":{"rendered":"<div class=\"vc_row wpb_row vc_row-fluid vc_custom_1571064775001\"><div class=\"wpb_column vc_column_container vc_col-sm-8\"><div class=\"vc_column-inner\"><div class=\"wpb_wrapper\">\n\t\t\t<!-- START Lisovanie a nitovanie REVOLUTION SLIDER 6.5.7 --><p class=\"rs-p-wp-fix\"><\/p>\n\t\t\t<rs-module-wrap id=\"rev_slider_17_1_wrapper\" data-source=\"gallery\" style=\"visibility:hidden;background:transparent;padding:0;margin:0px auto;margin-top:0;margin-bottom:0;max-width:none;\">\n\t\t\t\t<rs-module id=\"rev_slider_17_1\" style=\"\" data-version=\"6.5.7\">\n\t\t\t\t\t<rs-slides>\n\t\t\t\t\t\t<rs-slide style=\"position: absolute;\" data-key=\"rs-42\" data-title=\"Lisovanie\" data-thumb=\"\/\/martus.sk\/wp-content\/uploads\/2024\/04\/martus-foto-vyroba-23-scaled-320x200.jpg\" data-in=\"o:0;\" data-out=\"a:false;\">\n\t\t\t\t\t\t\t<img loading=\"lazy\" decoding=\"async\" src=\"\/\/martus.sk\/wp-content\/plugins\/revslider\/public\/assets\/assets\/dummy.png\" title=\"martus-foto-vyroba-23\" width=\"2560\" height=\"1708\" class=\"rev-slidebg tp-rs-img rs-lazyload\" data-lazyload=\"\/\/martus.sk\/wp-content\/uploads\/2024\/04\/martus-foto-vyroba-23-scaled.jpg\" data-no-retina>\n<!---->\t\t\t\t\t\t<\/rs-slide>\n\t\t\t\t\t\t<rs-slide style=\"position: absolute;\" data-key=\"rs-43\" data-title=\"V\u00fdrobok\" data-thumb=\"\/\/martus.sk\/wp-content\/uploads\/2022\/03\/Lisovanie-nitovanie-produkt-Martus-Nove-Zamky-320x200.jpg\" data-in=\"o:0;\" data-out=\"a:false;\">\n\t\t\t\t\t\t\t<img loading=\"lazy\" decoding=\"async\" src=\"\/\/martus.sk\/wp-content\/plugins\/revslider\/public\/assets\/assets\/dummy.png\" alt=\"Lisovanie-nitovanie-produkt-Martus-Nove-Zamky\" title=\"Lisovanie-nitovanie-produkt-Martus-Nove-Zamky\" width=\"770\" height=\"424\" class=\"rev-slidebg tp-rs-img rs-lazyload\" data-lazyload=\"\/\/martus.sk\/wp-content\/uploads\/2022\/03\/Lisovanie-nitovanie-produkt-Martus-Nove-Zamky.jpg\" data-no-retina>\n<!---->\t\t\t\t\t\t<\/rs-slide>\n\t\t\t\t\t\t<rs-slide style=\"position: absolute;\" data-key=\"rs-44\" data-title=\"Pneumatick\u00fd lis\" data-thumb=\"\/\/martus.sk\/wp-content\/uploads\/2024\/04\/martus-foto-vyroba-20-scaled-320x200.jpg\" data-in=\"o:0;\" data-out=\"a:false;\">\n\t\t\t\t\t\t\t<img loading=\"lazy\" decoding=\"async\" src=\"\/\/martus.sk\/wp-content\/plugins\/revslider\/public\/assets\/assets\/dummy.png\" title=\"martus-foto-vyroba-20\" width=\"2560\" height=\"1707\" class=\"rev-slidebg tp-rs-img rs-lazyload\" data-lazyload=\"\/\/martus.sk\/wp-content\/uploads\/2024\/04\/martus-foto-vyroba-20-scaled.jpg\" data-bg=\"p:center top;\" data-no-retina>\n<!---->\t\t\t\t\t\t<\/rs-slide>\n\t\t\t\t\t\t<rs-slide style=\"position: absolute;\" data-key=\"rs-45\" data-title=\"Nitovanie\" data-thumb=\"\/\/martus.sk\/wp-content\/uploads\/2024\/04\/martus-foto-vyroba-22-scaled-320x200.jpg\" data-in=\"o:0;\" data-out=\"a:false;\">\n\t\t\t\t\t\t\t<img loading=\"lazy\" decoding=\"async\" src=\"\/\/martus.sk\/wp-content\/plugins\/revslider\/public\/assets\/assets\/dummy.png\" title=\"martus-foto-vyroba-22\" width=\"2560\" height=\"1707\" class=\"rev-slidebg tp-rs-img rs-lazyload\" data-lazyload=\"\/\/martus.sk\/wp-content\/uploads\/2024\/04\/martus-foto-vyroba-22-scaled.jpg\" data-no-retina>\n<!---->\t\t\t\t\t\t<\/rs-slide>\n\t\t\t\t\t<\/rs-slides>\n\t\t\t\t<\/rs-module>\n\t\t\t\t<script type=\"text\/javascript\">\n\t\t\t\t\tsetREVStartSize({c: 'rev_slider_17_1',rl:[1240,1024,778,480],el:[660],gw:[1200],gh:[660],type:'carousel',justify:'',layout:'fullwidth',thumbh:\"160\",mh:\"0\"});if (window.RS_MODULES!==undefined && window.RS_MODULES.modules!==undefined && window.RS_MODULES.modules[\"revslider171\"]!==undefined) {window.RS_MODULES.modules[\"revslider171\"].once = false;window.revapi17 = undefined;if (window.RS_MODULES.checkMinimal!==undefined) window.RS_MODULES.checkMinimal()}\n\t\t\t\t<\/script>\n\t\t\t<\/rs-module-wrap>\n\t\t\t<!-- END REVOLUTION SLIDER -->\n<div style=\"background-color:;height: 20px\" class=\"nicdark_section\"><\/div> <p style=\"color:#000000;padding:px;text-align:;font-size:24px;line-height:px;letter-spacing: px;font-weight:normal\" class=\"nd_options_first_font\">PRESSING AND RIVETING<\/p> <div style=\"background-color:;height: 20px\" class=\"nicdark_section\"><\/div>\n\t<div class=\"wpb_text_column wpb_content_element\" >\n\t\t<div class=\"wpb_wrapper\">\n\t\t\t<p>Press riveting is a highly efficient method of joining technique. High-strength joints of the same as well as combined materials are created. With this technique, multilayer connections are also feasible.<br \/>\nPress riveting is a highly efficient method of joining technique. High-strength joints of the same as well as combined materials are created. With this technique, multilayer connections are also feasible.<br \/>\nThis effective way of pressing and riveting is used in many industries mainly because the created joints are very strong, airtight and watertight executed by power and shaping contact.<\/p>\n\n\t\t<\/div>\n\t<\/div>\n<div style=\"background-color:;height: 50px\" class=\"nicdark_section\"><\/div><div class=\"vc_row wpb_row vc_inner vc_row-fluid\"><div class=\"wpb_column vc_column_container vc_col-sm-6\"><div class=\"vc_column-inner\"><div class=\"wpb_wrapper\"> <h3 style=\"color:;padding:px;text-align:;font-size:18px;line-height:25px;letter-spacing: px;font-weight:\" class=\"\">hydraulic press PYE 25 S<\/h3> <div style=\"background-color:;height: 15px\" class=\"nicdark_section\"><\/div>\n    <div class=\"nd_options_list_component_l1 nd_options_section nd_options_position_relative nd_options_list_cc\">\n\n        \n        \n        <div class=\"nd_options_section nd_options_height_15\"><\/div>\n        <div class=\"nd_options_section nd_options_position_relative\">\n            <div class=\"nd_options_position_absolute nd_options_height_3 nd_options_width_100_percentage nd_options_bottom_2 nd_options_border_bottom_2_dotted_grey\"><\/div>\n            <h4 class=\"nd_options_bg_white nd_options_float_left nd_options_position_relative nd_options_padding_right_10\"><strong>Hammer stroke<\/strong><\/h4>\n            <h4 class=\"nd_options_bg_white nd_options_float_right nd_options_position_relative nd_options_padding_left_10\"><strong><\/strong><\/h4>\n        <\/div>\n        <div class=\"nd_options_section nd_options_height_10\"><\/div>\n        <div class=\"nd_options_section\">\n            <p class=\"nd_options_font_weight_lighter nd_options_float_left\">500 mm<\/p>\n            <p style=\"background-color:\" class=\"nd_options_color_grey nd_options_border_1_solid_grey nd_options_display_inline_block nd_options_first_font nd_options_padding_5_10 nd_options_border_radius_15 nd_options_float_right nd_options_font_size_13\"><\/p>\n        <\/div>\n    <\/div>\n  <div style=\"background-color:;height: 20px\" class=\"nicdark_section\"><\/div>\n    <div class=\"nd_options_list_component_l1 nd_options_section nd_options_position_relative nd_options_list_cc\">\n\n        \n        \n        <div class=\"nd_options_section nd_options_height_15\"><\/div>\n        <div class=\"nd_options_section nd_options_position_relative\">\n            <div class=\"nd_options_position_absolute nd_options_height_3 nd_options_width_100_percentage nd_options_bottom_2 nd_options_border_bottom_2_dotted_grey\"><\/div>\n            <h4 class=\"nd_options_bg_white nd_options_float_left nd_options_position_relative nd_options_padding_right_10\"><strong>Pressing force<\/strong><\/h4>\n            <h4 class=\"nd_options_bg_white nd_options_float_right nd_options_position_relative nd_options_padding_left_10\"><strong><\/strong><\/h4>\n        <\/div>\n        <div class=\"nd_options_section nd_options_height_10\"><\/div>\n        <div class=\"nd_options_section\">\n            <p class=\"nd_options_font_weight_lighter nd_options_float_left\">250 kN<\/p>\n            <p style=\"background-color:\" class=\"nd_options_color_grey nd_options_border_1_solid_grey nd_options_display_inline_block nd_options_first_font nd_options_padding_5_10 nd_options_border_radius_15 nd_options_float_right nd_options_font_size_13\"><\/p>\n        <\/div>\n    <\/div>\n  <\/div><\/div><\/div><div class=\"wpb_column vc_column_container vc_col-sm-6\"><div class=\"vc_column-inner\"><div class=\"wpb_wrapper\"> <h3 style=\"color:;padding:px;text-align:;font-size:18px;line-height:25px;letter-spacing: px;font-weight:\" class=\"\">Pneumatic press PFHW 056.002<\/h3> <div style=\"background-color:;height: 15px\" class=\"nicdark_section\"><\/div>\n    <div class=\"nd_options_list_component_l1 nd_options_section nd_options_position_relative nd_options_list_cc\">\n\n        \n        \n        <div class=\"nd_options_section nd_options_height_15\"><\/div>\n        <div class=\"nd_options_section nd_options_position_relative\">\n            <div class=\"nd_options_position_absolute nd_options_height_3 nd_options_width_100_percentage nd_options_bottom_2 nd_options_border_bottom_2_dotted_grey\"><\/div>\n            <h4 class=\"nd_options_bg_white nd_options_float_left nd_options_position_relative nd_options_padding_right_10\"><strong>Hammer stroke<\/strong><\/h4>\n            <h4 class=\"nd_options_bg_white nd_options_float_right nd_options_position_relative nd_options_padding_left_10\"><strong><\/strong><\/h4>\n        <\/div>\n        <div class=\"nd_options_section nd_options_height_10\"><\/div>\n        <div class=\"nd_options_section\">\n            <p class=\"nd_options_font_weight_lighter nd_options_float_left\">195 mm<\/p>\n            <p style=\"background-color:\" class=\"nd_options_color_grey nd_options_border_1_solid_grey nd_options_display_inline_block nd_options_first_font nd_options_padding_5_10 nd_options_border_radius_15 nd_options_float_right nd_options_font_size_13\"><\/p>\n        <\/div>\n    <\/div>\n  <div style=\"background-color:;height: 20px\" class=\"nicdark_section\"><\/div>\n    <div class=\"nd_options_list_component_l1 nd_options_section nd_options_position_relative nd_options_list_cc\">\n\n        \n        \n        <div class=\"nd_options_section nd_options_height_15\"><\/div>\n        <div class=\"nd_options_section nd_options_position_relative\">\n            <div class=\"nd_options_position_absolute nd_options_height_3 nd_options_width_100_percentage nd_options_bottom_2 nd_options_border_bottom_2_dotted_grey\"><\/div>\n            <h4 class=\"nd_options_bg_white nd_options_float_left nd_options_position_relative nd_options_padding_right_10\"><strong>Pressing force<\/strong><\/h4>\n            <h4 class=\"nd_options_bg_white nd_options_float_right nd_options_position_relative nd_options_padding_left_10\"><strong><\/strong><\/h4>\n        <\/div>\n        <div class=\"nd_options_section nd_options_height_10\"><\/div>\n        <div class=\"nd_options_section\">\n            <p class=\"nd_options_font_weight_lighter nd_options_float_left\">57,5 kN<\/p>\n            <p style=\"background-color:\" class=\"nd_options_color_grey nd_options_border_1_solid_grey nd_options_display_inline_block nd_options_first_font nd_options_padding_5_10 nd_options_border_radius_15 nd_options_float_right nd_options_font_size_13\"><\/p>\n        <\/div>\n    <\/div>\n  <\/div><\/div><\/div><\/div><div style=\"background-color:;height: 50px\" class=\"nicdark_section\"><\/div> <h3 style=\"color:;padding:px;text-align:;font-size:20px;line-height:30px;letter-spacing: px;font-weight:normal\" class=\"nd_options_first_font\">ARE YOU INTERESTED IN OUR SERVICES?<\/h3> <div style=\"background-color:;height: 15px\" class=\"nicdark_section\"><\/div> <p style=\"color:;padding:px;text-align:;font-size:px;line-height:px;letter-spacing: px;font-weight:\" class=\"\">Write to us and we will contact you by return mail.<\/p> <div style=\"background-color:;height: 30px\" class=\"nicdark_section\"><\/div>\n\t<div class=\"wpb_raw_code wpb_content_element wpb_raw_html\" >\n\t\t<div class=\"wpb_wrapper\">\n\t\t\t\n\n\n<p>You can send your questions to us at: <a style=\"color:black;\" href=\"mailto:info@martus.sk\">info@martus.sk<\/a><\/p>\n\n\n\n\n\n<div style=\"display: none\">\n\n \n<div class=\"wpcf7 no-js\" id=\"wpcf7-f2683-o1\" lang=\"en-US\" dir=\"ltr\">\n<div class=\"screen-reader-response\"><p role=\"status\" aria-live=\"polite\" aria-atomic=\"true\"><\/p> <ul><\/ul><\/div>\n<form action=\"\/en\/wp-json\/wp\/v2\/pages\/1798#wpcf7-f2683-o1\" method=\"post\" class=\"wpcf7-form init wpcf7-acceptance-as-validation\" aria-label=\"Contact form\" novalidate=\"novalidate\" data-status=\"init\" data-trp-original-action=\"\/en\/wp-json\/wp\/v2\/pages\/1798#wpcf7-f2683-o1\">\n<div style=\"display: none;\">\n<input type=\"hidden\" name=\"_wpcf7\" value=\"2683\" \/>\n<input type=\"hidden\" name=\"_wpcf7_version\" value=\"5.8.2\" \/>\n<input type=\"hidden\" name=\"_wpcf7_locale\" value=\"en_US\" \/>\n<input type=\"hidden\" name=\"_wpcf7_unit_tag\" value=\"wpcf7-f2683-o1\" \/>\n<input type=\"hidden\" name=\"_wpcf7_container_post\" value=\"0\" \/>\n<input type=\"hidden\" name=\"_wpcf7_posted_data_hash\" value=\"\" \/>\n<input type=\"hidden\" name=\"_wpcf7_recaptcha_response\" value=\"\" \/>\n<\/div>\n<p>Name:<br \/>\n<span class=\"wpcf7-form-control-wrap\" data-name=\"name-form\"><input size=\"40\" class=\"wpcf7-form-control wpcf7-text wpcf7-validates-as-required\" aria-required=\"true\" aria-invalid=\"false\" placeholder=\"Name\" value=\"\" type=\"text\" name=\"name-form\" \/><\/span><br \/>\nE-mail:<br \/>\n<span class=\"wpcf7-form-control-wrap\" data-name=\"email\"><input size=\"40\" class=\"wpcf7-form-control wpcf7-email wpcf7-validates-as-required wpcf7-text wpcf7-validates-as-email\" aria-required=\"true\" aria-invalid=\"false\" placeholder=\"E-mail\" value=\"\" type=\"email\" name=\"email\" \/><\/span><br \/>\nMessage:<br \/>\n<span class=\"wpcf7-form-control-wrap\" data-name=\"message\"><textarea cols=\"40\" rows=\"4\" class=\"wpcf7-form-control wpcf7-textarea\" aria-invalid=\"false\" placeholder=\"Message\" name=\"message\"><\/textarea><\/span><br \/>\n<span class=\"wpcf7-form-control-wrap\" data-name=\"acceptance-216\"><span class=\"wpcf7-form-control wpcf7-acceptance\"><span class=\"wpcf7-list-item\"><label><input type=\"checkbox\" name=\"acceptance-216\" value=\"1\" class=\"suhlas-gdpr\" aria-invalid=\"false\" \/><span class=\"wpcf7-list-item-label\">I have read and agree to the <a href=\"\/en\/ochrana-sukromia\/\"\" target=\"_Blank\">processing of personal data<\/a>.<\/span><\/label><\/span><\/span><\/span>\n<\/p>\n<p class=\"recapcha-text\">This site is protected by reCAPTCHA and the Google <a href=\"https:\/\/policies.google.com\/privacy\" target=\"_Blank\">Privacy Policy<\/a> and <a href=\"https:\/\/policies.google.com\/terms\" target=\"_Blank\">Terms of Service<\/a> apply.\n<\/p>\n<p><input class=\"wpcf7-form-control wpcf7-submit has-spinner nd_options_width_100_percentage\" type=\"submit\" value=\"SEND MESSAGE\" \/>\n<\/p><div class=\"wpcf7-response-output\" aria-hidden=\"true\"><\/div>\n<input type=\"hidden\" name=\"trp-form-language\" value=\"en\"\/><\/form>\n<\/div>\n \n\n<\/div>\n\t\t<\/div>\n\t<\/div>\n<div style=\"background-color:;height: 20px\" class=\"nicdark_section\"><\/div><\/div><\/div><\/div><div class=\"wpb_column vc_column_container vc_col-sm-4\"><div class=\"vc_column-inner\"><div class=\"wpb_wrapper\"><div class=\"vc_row wpb_row vc_inner vc_row-fluid\"><div class=\"wpb_column vc_column_container vc_col-sm-12\"><div class=\"vc_column-inner\"><div class=\"wpb_wrapper\"> <h3 style=\"color:;padding:px;text-align:;font-size:20px;line-height:px;letter-spacing: px;font-weight:\" class=\"\">OUR SERVICES<\/h3> <div style=\"background-color:;height: 30px\" class=\"nicdark_section\"><\/div><div class=\"services_menu nd_options_menu_component nd_options_section nd_options_menu_component_839\"><div class=\"menu-services-menu-container\"><ul id=\"menu-services-menu\" class=\"menu\"><li id=\"menu-item-1616\" class=\"menu-item menu-item-type-post_type menu-item-object-page menu-item-1616\"><a href=\"https:\/\/martus.sk\/en\/laser-cutting\/\" data-ps2id-api=\"true\">Laser cutting<\/a><\/li>\n<li id=\"menu-item-1813\" class=\"menu-item menu-item-type-post_type menu-item-object-page menu-item-1813\"><a href=\"https:\/\/martus.sk\/en\/bending-crimping\/\" data-ps2id-api=\"true\">Bending \/ Crimping<\/a><\/li>\n<li id=\"menu-item-1812\" class=\"menu-item menu-item-type-post_type menu-item-object-page menu-item-1812\"><a href=\"https:\/\/martus.sk\/en\/punching\/\" data-ps2id-api=\"true\">Cutting<\/a><\/li>\n<li id=\"menu-item-1811\" class=\"menu-item menu-item-type-post_type menu-item-object-page menu-item-1811\"><a href=\"https:\/\/martus.sk\/en\/pressing-riveting\/\" data-ps2id-api=\"true\">Pressing and riveting<\/a><\/li>\n<li id=\"menu-item-1809\" class=\"menu-item menu-item-type-post_type menu-item-object-page menu-item-1809\"><a href=\"https:\/\/martus.sk\/en\/welding\/\" data-ps2id-api=\"true\">Welding<\/a><\/li>\n<\/ul><\/div><\/div><\/div><\/div><\/div><\/div><\/div><\/div><\/div><div class=\"wpb_column vc_column_container vc_col-sm-12\"><div class=\"vc_column-inner\"><div class=\"wpb_wrapper\"><\/div><\/div><\/div><\/div>","protected":false},"excerpt":{"rendered":"LISOVANIE A NITOVANIE Lisovanie a nitovanie je vysoko \u00fa\u010dinn\u00e1 met\u00f3da spojovacej techniky. Vytv\u00e1raj\u00fa sa vysoko pevn\u00e9 spoje rovnak\u00fdch, ale aj kombinovan\u00fdch materi\u00e1lov. V\u010faka tejto technike s\u00fa realizovate\u013en\u00e9 aj viacvrstv\u00e9 spoje. V lisovan\u00ed polodut\u00fd nit preraz\u00ed horn\u00fa vrstvu materi\u00e1lu a na dolnej vrstve obr\u00e1ban\u00e9ho predmetu sa vytvor\u00ed z\u00e1vern\u00e1 hlava. Tento efekt\u00edvny sp\u00f4sob lisovania a nitovania sa [...]","protected":false},"author":1,"featured_media":0,"parent":0,"menu_order":0,"comment_status":"closed","ping_status":"closed","template":"","meta":{"footnotes":""},"class_list":["post-1798","page","type-page","status-publish","hentry"],"yoast_head":"<!-- This site is optimized with the Yoast SEO plugin v27.4 - https:\/\/yoast.com\/product\/yoast-seo-wordpress\/ -->\n<title>Lisovanie a nitovanie | Martus - Met\u00f3da spojovacej techniky<\/title>\n<meta name=\"description\" content=\"Lisovanie a nitovanie vytv\u00e1ra pevn\u00e9 spoje rovnak\u00fdch aj kombinovan\u00fdch materi\u00e1lov. \u00da\u010dinn\u00e1 met\u00f3da spojovacej techniky od Martus Nov\u00e9 Z\u00e1mky.\" \/>\n<meta name=\"robots\" content=\"index, follow, max-snippet:-1, max-image-preview:large, max-video-preview:-1\" \/>\n<link rel=\"canonical\" href=\"https:\/\/martus.sk\/en\/pressing-riveting\/\" \/>\n<meta property=\"og:locale\" content=\"en_GB\" \/>\n<meta property=\"og:type\" content=\"article\" \/>\n<meta property=\"og:title\" content=\"Lisovanie a nitovanie | Martus - Met\u00f3da spojovacej techniky\" \/>\n<meta property=\"og:description\" content=\"Lisovanie a nitovanie vytv\u00e1ra pevn\u00e9 spoje rovnak\u00fdch aj kombinovan\u00fdch materi\u00e1lov. \u00da\u010dinn\u00e1 met\u00f3da spojovacej techniky od Martus Nov\u00e9 Z\u00e1mky.\" \/>\n<meta property=\"og:url\" content=\"https:\/\/martus.sk\/en\/pressing-riveting\/\" \/>\n<meta property=\"og:site_name\" content=\"Martus\" \/>\n<meta property=\"article:modified_time\" content=\"2025-09-23T07:12:32+00:00\" \/>\n<meta property=\"og:image\" content=\"https:\/\/martus.sk\/wp-content\/uploads\/2022\/03\/logo-martus-nove.png\" \/>\n\t<meta property=\"og:image:width\" content=\"350\" \/>\n\t<meta property=\"og:image:height\" content=\"71\" \/>\n\t<meta property=\"og:image:type\" content=\"image\/png\" \/>\n<meta name=\"twitter:card\" content=\"summary_large_image\" \/>\n<meta name=\"twitter:label1\" content=\"Estimated reading time\" \/>\n\t<meta name=\"twitter:data1\" content=\"6 minutes\" \/>\n<script type=\"application\/ld+json\" class=\"yoast-schema-graph\">{\"@context\":\"https:\\\/\\\/schema.org\",\"@graph\":[{\"@type\":\"WebPage\",\"@id\":\"https:\\\/\\\/martus.sk\\\/lisovanie-nitovanie\\\/\",\"url\":\"https:\\\/\\\/martus.sk\\\/lisovanie-nitovanie\\\/\",\"name\":\"Lisovanie a nitovanie | Martus - Met\u00f3da spojovacej techniky\",\"isPartOf\":{\"@id\":\"https:\\\/\\\/martus.sk\\\/#website\"},\"datePublished\":\"2022-02-22T09:30:39+00:00\",\"dateModified\":\"2025-09-23T07:12:32+00:00\",\"description\":\"Lisovanie a nitovanie vytv\u00e1ra pevn\u00e9 spoje rovnak\u00fdch aj kombinovan\u00fdch materi\u00e1lov. \u00da\u010dinn\u00e1 met\u00f3da spojovacej techniky od Martus Nov\u00e9 Z\u00e1mky.\",\"breadcrumb\":{\"@id\":\"https:\\\/\\\/martus.sk\\\/lisovanie-nitovanie\\\/#breadcrumb\"},\"inLanguage\":\"en-GB\",\"potentialAction\":[{\"@type\":\"ReadAction\",\"target\":[\"https:\\\/\\\/martus.sk\\\/lisovanie-nitovanie\\\/\"]}]},{\"@type\":\"BreadcrumbList\",\"@id\":\"https:\\\/\\\/martus.sk\\\/lisovanie-nitovanie\\\/#breadcrumb\",\"itemListElement\":[{\"@type\":\"ListItem\",\"position\":1,\"name\":\"Domovsk\u00e1 str\u00e1nka\",\"item\":\"https:\\\/\\\/martus.sk\\\/\"},{\"@type\":\"ListItem\",\"position\":2,\"name\":\"Lisovanie a nitovanie\"}]},{\"@type\":\"WebSite\",\"@id\":\"https:\\\/\\\/martus.sk\\\/#website\",\"url\":\"https:\\\/\\\/martus.sk\\\/\",\"name\":\"Martus\",\"description\":\"sheet metal technology\",\"publisher\":{\"@id\":\"https:\\\/\\\/martus.sk\\\/#organization\"},\"potentialAction\":[{\"@type\":\"SearchAction\",\"target\":{\"@type\":\"EntryPoint\",\"urlTemplate\":\"https:\\\/\\\/martus.sk\\\/?s={search_term_string}\"},\"query-input\":{\"@type\":\"PropertyValueSpecification\",\"valueRequired\":true,\"valueName\":\"search_term_string\"}}],\"inLanguage\":\"en-GB\"},{\"@type\":\"Organization\",\"@id\":\"https:\\\/\\\/martus.sk\\\/#organization\",\"name\":\"Martus\",\"url\":\"https:\\\/\\\/martus.sk\\\/\",\"logo\":{\"@type\":\"ImageObject\",\"inLanguage\":\"en-GB\",\"@id\":\"https:\\\/\\\/martus.sk\\\/#\\\/schema\\\/logo\\\/image\\\/\",\"url\":\"https:\\\/\\\/martus.sk\\\/wp-content\\\/uploads\\\/2022\\\/03\\\/logo-martus-nove.png\",\"contentUrl\":\"https:\\\/\\\/martus.sk\\\/wp-content\\\/uploads\\\/2022\\\/03\\\/logo-martus-nove.png\",\"width\":350,\"height\":71,\"caption\":\"Martus\"},\"image\":{\"@id\":\"https:\\\/\\\/martus.sk\\\/#\\\/schema\\\/logo\\\/image\\\/\"}}]}<\/script>\n<!-- \/ Yoast SEO plugin. -->","yoast_head_json":{"title":"Lisovanie a nitovanie | Martus - Met\u00f3da spojovacej techniky","description":"Lisovanie a nitovanie vytv\u00e1ra pevn\u00e9 spoje rovnak\u00fdch aj kombinovan\u00fdch materi\u00e1lov. \u00da\u010dinn\u00e1 met\u00f3da spojovacej techniky od Martus Nov\u00e9 Z\u00e1mky.","robots":{"index":"index","follow":"follow","max-snippet":"max-snippet:-1","max-image-preview":"max-image-preview:large","max-video-preview":"max-video-preview:-1"},"canonical":"https:\/\/martus.sk\/en\/pressing-riveting\/","og_locale":"en_GB","og_type":"article","og_title":"Lisovanie a nitovanie | Martus - Met\u00f3da spojovacej techniky","og_description":"Lisovanie a nitovanie vytv\u00e1ra pevn\u00e9 spoje rovnak\u00fdch aj kombinovan\u00fdch materi\u00e1lov. \u00da\u010dinn\u00e1 met\u00f3da spojovacej techniky od Martus Nov\u00e9 Z\u00e1mky.","og_url":"https:\/\/martus.sk\/en\/pressing-riveting\/","og_site_name":"Martus","article_modified_time":"2025-09-23T07:12:32+00:00","og_image":[{"width":350,"height":71,"url":"https:\/\/martus.sk\/wp-content\/uploads\/2022\/03\/logo-martus-nove.png","type":"image\/png"}],"twitter_card":"summary_large_image","twitter_misc":{"Estimated reading time":"6 minutes"},"schema":{"@context":"https:\/\/schema.org","@graph":[{"@type":"WebPage","@id":"https:\/\/martus.sk\/lisovanie-nitovanie\/","url":"https:\/\/martus.sk\/lisovanie-nitovanie\/","name":"Lisovanie a nitovanie | Martus - Met\u00f3da spojovacej techniky","isPartOf":{"@id":"https:\/\/martus.sk\/#website"},"datePublished":"2022-02-22T09:30:39+00:00","dateModified":"2025-09-23T07:12:32+00:00","description":"Lisovanie a nitovanie vytv\u00e1ra pevn\u00e9 spoje rovnak\u00fdch aj kombinovan\u00fdch materi\u00e1lov. \u00da\u010dinn\u00e1 met\u00f3da spojovacej techniky od Martus Nov\u00e9 Z\u00e1mky.","breadcrumb":{"@id":"https:\/\/martus.sk\/lisovanie-nitovanie\/#breadcrumb"},"inLanguage":"en-GB","potentialAction":[{"@type":"ReadAction","target":["https:\/\/martus.sk\/lisovanie-nitovanie\/"]}]},{"@type":"BreadcrumbList","@id":"https:\/\/martus.sk\/lisovanie-nitovanie\/#breadcrumb","itemListElement":[{"@type":"ListItem","position":1,"name":"Domovsk\u00e1 str\u00e1nka","item":"https:\/\/martus.sk\/"},{"@type":"ListItem","position":2,"name":"Lisovanie a nitovanie"}]},{"@type":"WebSite","@id":"https:\/\/martus.sk\/#website","url":"https:\/\/martus.sk\/","name":"Martus","description":"sheet metal technology","publisher":{"@id":"https:\/\/martus.sk\/#organization"},"potentialAction":[{"@type":"SearchAction","target":{"@type":"EntryPoint","urlTemplate":"https:\/\/martus.sk\/?s={search_term_string}"},"query-input":{"@type":"PropertyValueSpecification","valueRequired":true,"valueName":"search_term_string"}}],"inLanguage":"en-GB"},{"@type":"Organization","@id":"https:\/\/martus.sk\/#organization","name":"Martus","url":"https:\/\/martus.sk\/","logo":{"@type":"ImageObject","inLanguage":"en-GB","@id":"https:\/\/martus.sk\/#\/schema\/logo\/image\/","url":"https:\/\/martus.sk\/wp-content\/uploads\/2022\/03\/logo-martus-nove.png","contentUrl":"https:\/\/martus.sk\/wp-content\/uploads\/2022\/03\/logo-martus-nove.png","width":350,"height":71,"caption":"Martus"},"image":{"@id":"https:\/\/martus.sk\/#\/schema\/logo\/image\/"}}]}},"_links":{"self":[{"href":"https:\/\/martus.sk\/en\/wp-json\/wp\/v2\/pages\/1798","targetHints":{"allow":["GET"]}}],"collection":[{"href":"https:\/\/martus.sk\/en\/wp-json\/wp\/v2\/pages"}],"about":[{"href":"https:\/\/martus.sk\/en\/wp-json\/wp\/v2\/types\/page"}],"author":[{"embeddable":true,"href":"https:\/\/martus.sk\/en\/wp-json\/wp\/v2\/users\/1"}],"replies":[{"embeddable":true,"href":"https:\/\/martus.sk\/en\/wp-json\/wp\/v2\/comments?post=1798"}],"version-history":[{"count":8,"href":"https:\/\/martus.sk\/en\/wp-json\/wp\/v2\/pages\/1798\/revisions"}],"predecessor-version":[{"id":3020,"href":"https:\/\/martus.sk\/en\/wp-json\/wp\/v2\/pages\/1798\/revisions\/3020"}],"wp:attachment":[{"href":"https:\/\/martus.sk\/en\/wp-json\/wp\/v2\/media?parent=1798"}],"curies":[{"name":"wp","href":"https:\/\/api.w.org\/{rel}","templated":true}]}}