{"id":2826,"date":"2024-03-27T12:25:40","date_gmt":"2024-03-27T11:25:40","guid":{"rendered":"https:\/\/martus.sk\/?page_id=2826"},"modified":"2024-04-26T12:40:11","modified_gmt":"2024-04-26T10:40:11","slug":"galeria","status":"publish","type":"page","link":"https:\/\/martus.sk\/en\/gallery\/","title":{"rendered":"Gallery"},"content":{"rendered":"<div class=\"vc_row wpb_row vc_row-fluid vc_custom_1711540090491\"><div class=\"wpb_column vc_column_container vc_col-sm-12\"><div class=\"vc_column-inner\"><div class=\"wpb_wrapper\"> <h2 style=\"color:;padding:px;text-align:;font-size:px;line-height:px;letter-spacing: px;font-weight:\" class=\"\">Our products<\/h2> \n<div class=\"vc_grid-container-wrapper vc_clearfix vc_grid-animation-fadeIn\">\n\t<div class=\"vc_grid-container vc_clearfix wpb_content_element vc_media_grid vc_custom_1713865411229\" data-initial-loading-animation=\"fadeIn\" data-vc-grid-settings=\"{&quot;page_id&quot;:2826,&quot;style&quot;:&quot;all&quot;,&quot;action&quot;:&quot;vc_get_vc_grid_data&quot;,&quot;shortcode_id&quot;:&quot;1714127966667-097683fe38c7ab9e090a4e23855d15a2-8&quot;,&quot;tag&quot;:&quot;vc_media_grid&quot;}\" data-vc-request=\"https:\/\/martus.sk\/wp-admin\/admin-ajax.php\" data-vc-post-id=\"2826\" data-vc-public-nonce=\"8c5bfead9c\">\n\t\t\n\t<\/div>\n<\/div><\/div><\/div><\/div><\/div>","protected":false},"excerpt":{"rendered":"Our products","protected":false},"author":6,"featured_media":0,"parent":0,"menu_order":0,"comment_status":"closed","ping_status":"closed","template":"","meta":{"footnotes":""},"class_list":["post-2826","page","type-page","status-publish","hentry"],"yoast_head":"<!-- This site is optimized with the Yoast SEO plugin v27.4 - https:\/\/yoast.com\/product\/yoast-seo-wordpress\/ -->\n<title>Gal\u00e9ria | Martus - CNC spracovanie plechov a kovov\u00fdroba Nov\u00e9 Z\u00e1mky<\/title>\n<meta name=\"description\" content=\"Martus je spolo\u010dnos\u0165 zameriavaj\u00faca sa na CNC spracovanie plechov a z\u00e1kazkov\u00fa kovov\u00fdrobu. Laserov\u00e9 vypa\u013eovanie, CNC oh\u00fdbanie, CNC vysek\u00e1vanie.\" \/>\n<meta name=\"robots\" content=\"index, follow, max-snippet:-1, max-image-preview:large, max-video-preview:-1\" \/>\n<link rel=\"canonical\" href=\"https:\/\/martus.sk\/en\/gallery\/\" \/>\n<meta property=\"og:locale\" content=\"en_GB\" \/>\n<meta property=\"og:type\" content=\"article\" \/>\n<meta property=\"og:title\" content=\"Gal\u00e9ria | Martus - CNC spracovanie plechov a kovov\u00fdroba Nov\u00e9 Z\u00e1mky\" \/>\n<meta property=\"og:description\" content=\"Martus je spolo\u010dnos\u0165 zameriavaj\u00faca sa na CNC spracovanie plechov a z\u00e1kazkov\u00fa kovov\u00fdrobu. Laserov\u00e9 vypa\u013eovanie, CNC oh\u00fdbanie, CNC vysek\u00e1vanie.\" \/>\n<meta property=\"og:url\" content=\"https:\/\/martus.sk\/en\/gallery\/\" \/>\n<meta property=\"og:site_name\" content=\"Martus\" \/>\n<meta property=\"article:modified_time\" content=\"2024-04-26T10:40:11+00:00\" \/>\n<meta property=\"og:image\" content=\"https:\/\/martus.sk\/wp-content\/uploads\/2022\/03\/logo-martus-nove.png\" \/>\n\t<meta property=\"og:image:width\" content=\"350\" \/>\n\t<meta property=\"og:image:height\" content=\"71\" \/>\n\t<meta property=\"og:image:type\" content=\"image\/png\" \/>\n<meta name=\"twitter:card\" content=\"summary_large_image\" \/>\n<meta name=\"twitter:label1\" content=\"Estimated reading time\" \/>\n\t<meta name=\"twitter:data1\" content=\"4 minutes\" \/>\n<script type=\"application\/ld+json\" class=\"yoast-schema-graph\">{\"@context\":\"https:\\\/\\\/schema.org\",\"@graph\":[{\"@type\":\"WebPage\",\"@id\":\"https:\\\/\\\/martus.sk\\\/galeria\\\/\",\"url\":\"https:\\\/\\\/martus.sk\\\/galeria\\\/\",\"name\":\"Gal\u00e9ria | Martus - CNC spracovanie plechov a kovov\u00fdroba Nov\u00e9 Z\u00e1mky\",\"isPartOf\":{\"@id\":\"https:\\\/\\\/martus.sk\\\/#website\"},\"datePublished\":\"2024-03-27T11:25:40+00:00\",\"dateModified\":\"2024-04-26T10:40:11+00:00\",\"description\":\"Martus je spolo\u010dnos\u0165 zameriavaj\u00faca sa na CNC spracovanie plechov a z\u00e1kazkov\u00fa kovov\u00fdrobu. Laserov\u00e9 vypa\u013eovanie, CNC oh\u00fdbanie, CNC vysek\u00e1vanie.\",\"breadcrumb\":{\"@id\":\"https:\\\/\\\/martus.sk\\\/galeria\\\/#breadcrumb\"},\"inLanguage\":\"en-GB\",\"potentialAction\":[{\"@type\":\"ReadAction\",\"target\":[\"https:\\\/\\\/martus.sk\\\/galeria\\\/\"]}]},{\"@type\":\"BreadcrumbList\",\"@id\":\"https:\\\/\\\/martus.sk\\\/galeria\\\/#breadcrumb\",\"itemListElement\":[{\"@type\":\"ListItem\",\"position\":1,\"name\":\"Domovsk\u00e1 str\u00e1nka\",\"item\":\"https:\\\/\\\/martus.sk\\\/\"},{\"@type\":\"ListItem\",\"position\":2,\"name\":\"Gal\u00e9ria\"}]},{\"@type\":\"WebSite\",\"@id\":\"https:\\\/\\\/martus.sk\\\/#website\",\"url\":\"https:\\\/\\\/martus.sk\\\/\",\"name\":\"Martus\",\"description\":\"sheet metal technology\",\"publisher\":{\"@id\":\"https:\\\/\\\/martus.sk\\\/#organization\"},\"potentialAction\":[{\"@type\":\"SearchAction\",\"target\":{\"@type\":\"EntryPoint\",\"urlTemplate\":\"https:\\\/\\\/martus.sk\\\/?s={search_term_string}\"},\"query-input\":{\"@type\":\"PropertyValueSpecification\",\"valueRequired\":true,\"valueName\":\"search_term_string\"}}],\"inLanguage\":\"en-GB\"},{\"@type\":\"Organization\",\"@id\":\"https:\\\/\\\/martus.sk\\\/#organization\",\"name\":\"Martus\",\"url\":\"https:\\\/\\\/martus.sk\\\/\",\"logo\":{\"@type\":\"ImageObject\",\"inLanguage\":\"en-GB\",\"@id\":\"https:\\\/\\\/martus.sk\\\/#\\\/schema\\\/logo\\\/image\\\/\",\"url\":\"https:\\\/\\\/martus.sk\\\/wp-content\\\/uploads\\\/2022\\\/03\\\/logo-martus-nove.png\",\"contentUrl\":\"https:\\\/\\\/martus.sk\\\/wp-content\\\/uploads\\\/2022\\\/03\\\/logo-martus-nove.png\",\"width\":350,\"height\":71,\"caption\":\"Martus\"},\"image\":{\"@id\":\"https:\\\/\\\/martus.sk\\\/#\\\/schema\\\/logo\\\/image\\\/\"}}]}<\/script>\n<!-- \/ Yoast SEO plugin. -->","yoast_head_json":{"title":"Gal\u00e9ria | Martus - CNC spracovanie plechov a kovov\u00fdroba Nov\u00e9 Z\u00e1mky","description":"Martus je spolo\u010dnos\u0165 zameriavaj\u00faca sa na CNC spracovanie plechov a z\u00e1kazkov\u00fa kovov\u00fdrobu. Laserov\u00e9 vypa\u013eovanie, CNC oh\u00fdbanie, CNC vysek\u00e1vanie.","robots":{"index":"index","follow":"follow","max-snippet":"max-snippet:-1","max-image-preview":"max-image-preview:large","max-video-preview":"max-video-preview:-1"},"canonical":"https:\/\/martus.sk\/en\/gallery\/","og_locale":"en_GB","og_type":"article","og_title":"Gal\u00e9ria | Martus - CNC spracovanie plechov a kovov\u00fdroba Nov\u00e9 Z\u00e1mky","og_description":"Martus je spolo\u010dnos\u0165 zameriavaj\u00faca sa na CNC spracovanie plechov a z\u00e1kazkov\u00fa kovov\u00fdrobu. Laserov\u00e9 vypa\u013eovanie, CNC oh\u00fdbanie, CNC vysek\u00e1vanie.","og_url":"https:\/\/martus.sk\/en\/gallery\/","og_site_name":"Martus","article_modified_time":"2024-04-26T10:40:11+00:00","og_image":[{"width":350,"height":71,"url":"https:\/\/martus.sk\/wp-content\/uploads\/2022\/03\/logo-martus-nove.png","type":"image\/png"}],"twitter_card":"summary_large_image","twitter_misc":{"Estimated reading time":"4 minutes"},"schema":{"@context":"https:\/\/schema.org","@graph":[{"@type":"WebPage","@id":"https:\/\/martus.sk\/galeria\/","url":"https:\/\/martus.sk\/galeria\/","name":"Gal\u00e9ria | Martus - CNC spracovanie plechov a kovov\u00fdroba Nov\u00e9 Z\u00e1mky","isPartOf":{"@id":"https:\/\/martus.sk\/#website"},"datePublished":"2024-03-27T11:25:40+00:00","dateModified":"2024-04-26T10:40:11+00:00","description":"Martus je spolo\u010dnos\u0165 zameriavaj\u00faca sa na CNC spracovanie plechov a z\u00e1kazkov\u00fa kovov\u00fdrobu. Laserov\u00e9 vypa\u013eovanie, CNC oh\u00fdbanie, CNC vysek\u00e1vanie.","breadcrumb":{"@id":"https:\/\/martus.sk\/galeria\/#breadcrumb"},"inLanguage":"en-GB","potentialAction":[{"@type":"ReadAction","target":["https:\/\/martus.sk\/galeria\/"]}]},{"@type":"BreadcrumbList","@id":"https:\/\/martus.sk\/galeria\/#breadcrumb","itemListElement":[{"@type":"ListItem","position":1,"name":"Domovsk\u00e1 str\u00e1nka","item":"https:\/\/martus.sk\/"},{"@type":"ListItem","position":2,"name":"Gal\u00e9ria"}]},{"@type":"WebSite","@id":"https:\/\/martus.sk\/#website","url":"https:\/\/martus.sk\/","name":"Martus","description":"sheet metal technology","publisher":{"@id":"https:\/\/martus.sk\/#organization"},"potentialAction":[{"@type":"SearchAction","target":{"@type":"EntryPoint","urlTemplate":"https:\/\/martus.sk\/?s={search_term_string}"},"query-input":{"@type":"PropertyValueSpecification","valueRequired":true,"valueName":"search_term_string"}}],"inLanguage":"en-GB"},{"@type":"Organization","@id":"https:\/\/martus.sk\/#organization","name":"Martus","url":"https:\/\/martus.sk\/","logo":{"@type":"ImageObject","inLanguage":"en-GB","@id":"https:\/\/martus.sk\/#\/schema\/logo\/image\/","url":"https:\/\/martus.sk\/wp-content\/uploads\/2022\/03\/logo-martus-nove.png","contentUrl":"https:\/\/martus.sk\/wp-content\/uploads\/2022\/03\/logo-martus-nove.png","width":350,"height":71,"caption":"Martus"},"image":{"@id":"https:\/\/martus.sk\/#\/schema\/logo\/image\/"}}]}},"_links":{"self":[{"href":"https:\/\/martus.sk\/en\/wp-json\/wp\/v2\/pages\/2826","targetHints":{"allow":["GET"]}}],"collection":[{"href":"https:\/\/martus.sk\/en\/wp-json\/wp\/v2\/pages"}],"about":[{"href":"https:\/\/martus.sk\/en\/wp-json\/wp\/v2\/types\/page"}],"author":[{"embeddable":true,"href":"https:\/\/martus.sk\/en\/wp-json\/wp\/v2\/users\/6"}],"replies":[{"embeddable":true,"href":"https:\/\/martus.sk\/en\/wp-json\/wp\/v2\/comments?post=2826"}],"version-history":[{"count":18,"href":"https:\/\/martus.sk\/en\/wp-json\/wp\/v2\/pages\/2826\/revisions"}],"predecessor-version":[{"id":2973,"href":"https:\/\/martus.sk\/en\/wp-json\/wp\/v2\/pages\/2826\/revisions\/2973"}],"wp:attachment":[{"href":"https:\/\/martus.sk\/en\/wp-json\/wp\/v2\/media?parent=2826"}],"curies":[{"name":"wp","href":"https:\/\/api.w.org\/{rel}","templated":true}]}}