{"id":2894,"date":"2024-04-17T15:25:16","date_gmt":"2024-04-17T13:25:16","guid":{"rendered":"https:\/\/martus.sk\/?page_id=2894"},"modified":"2024-05-02T10:46:46","modified_gmt":"2024-05-02T08:46:46","slug":"novinky","status":"publish","type":"page","link":"https:\/\/martus.sk\/en\/news\/","title":{"rendered":"News"},"content":{"rendered":"<div data-vc-full-width=\"true\" data-vc-full-width-init=\"false\" data-vc-parallax=\"\" class=\"vc_row wpb_row vc_row-fluid nd_options_vc_parallax_filter_cc_5 vc_custom_1645699004423 vc_row-has-fill vc_row-o-content-middle vc_row-flex vc_general vc_parallax vc_parallax-content-moving\"><div class=\"wpb_column vc_column_container vc_col-sm-3\"><div class=\"vc_column-inner\"><div class=\"wpb_wrapper\">\n    <div style=\"text-align:\" class=\"nd_options_section\">\n      <img decoding=\"async\" alt=\"\" style=\"width:100%\" class=\"blog-img nd_options_margin_0 nd_options_padding_0\" src=\"https:\/\/martus.sk\/wp-content\/uploads\/2024\/05\/martus-novinky-1.jpg\">\n    <\/div>\n   <\/div><\/div><\/div><div class=\"wpb_column vc_column_container vc_col-sm-9\"><div class=\"vc_column-inner\"><div class=\"wpb_wrapper\"><div style=\"background-color:;height: 15px\" class=\"nicdark_section\"><\/div> <h3 style=\"color:#7e7e7e;padding:px;text-align:;font-size:px;line-height:px;letter-spacing: 2px;font-weight:normal\" class=\"nd_options_first_font\">NEWS<\/h3> <div style=\"background-color:;height: 25px\" class=\"nicdark_section\"><\/div> <h2 style=\"color:;padding:px;text-align:;font-size:30px;line-height:45px;letter-spacing: 2px;font-weight:lighter\" class=\"nd_options_font_size_40_important_all_iphone nd_options_first_font\">Loyalty in Nov\u00e9 Z\u00e1mky Heart, machines, software: a trio for greater sales<\/h2> <div style=\"background-color:;height: 30px\" class=\"nicdark_section\"><\/div> <p style=\"color:#878787;padding:px;text-align:;font-size:14px;line-height:24px;letter-spacing: 1px;font-weight:normal\" class=\"nd_options_second_font\">Automation in manufacturing is essential for survival in the market, but it is by no means everything. Slovak sheet metal processor Martus shows what else matters: Strong relationships with employees, suppliers and an equipment supplier that the company can really rely on. They all repay the trust. For Martus, pulling together is the cornerstone of economic success...<\/p> <div style=\"background-color:;height: 40px\" class=\"nicdark_section\"><\/div>\n\t\n\t<a style=\"border: px solid;border-radius:px;letter-spacing:2px;line-height:16px;font-size:16px;background-color:#edba20;padding:15px 35px;margin:;color:#ffffff\" rel=\"\" target=\"_blank\" href=\"https:\/\/martus.sk\/wp-content\/uploads\/2024\/04\/martus-clanok-1.pdf\" class=\"nicdark_display_inline_block nd_options_float_left nd_options_font_weight_normal nd_options_first_font\">Read more<\/a>\n\t\n<div style=\"background-color:;height: 15px\" class=\"nicdark_section\"><\/div><\/div><\/div><\/div><\/div><div class=\"vc_row-full-width vc_clearfix\"><\/div>","protected":false},"excerpt":{"rendered":"NOVINKY Lojalita v Nov\u00fdch Z\u00e1mkoch Srdce, stroje, software : trojica pre v\u00e4\u010d\u0161\u00ed predaj Automatiz\u00e1cia vo v\u00fdrobe je nevyhnutn\u00e1 na pre\u017eitie na trhu, ale v \u017eiadnom pr\u00edpade nie je v\u0161etko. Slovensk\u00fd spracovate\u013e plechov Martus ukazuje, na \u010dom e\u0161te z\u00e1le\u017e\u00ed: Siln\u00e9 vz\u0165ahy so zamestnancami, dod\u00e1vate\u013emi a dod\u00e1vate\u013eom zariaden\u00ed, na ktor\u00e9ho sa spolo\u010dnos\u0165 m\u00f4\u017ee skuto\u010dne spo\u013eahn\u00fa\u0165. T\u00ed v\u0161etci [...]","protected":false},"author":6,"featured_media":0,"parent":0,"menu_order":0,"comment_status":"closed","ping_status":"closed","template":"","meta":{"footnotes":""},"class_list":["post-2894","page","type-page","status-publish","hentry"],"yoast_head":"<!-- This site is optimized with the Yoast SEO plugin v27.4 - https:\/\/yoast.com\/product\/yoast-seo-wordpress\/ -->\n<title>Novinky - Martus<\/title>\n<meta name=\"robots\" content=\"index, follow, max-snippet:-1, max-image-preview:large, max-video-preview:-1\" \/>\n<link rel=\"canonical\" href=\"https:\/\/martus.sk\/en\/news\/\" \/>\n<meta property=\"og:locale\" content=\"en_GB\" \/>\n<meta property=\"og:type\" content=\"article\" \/>\n<meta property=\"og:title\" content=\"Novinky - Martus\" \/>\n<meta property=\"og:url\" content=\"https:\/\/martus.sk\/en\/news\/\" \/>\n<meta property=\"og:site_name\" content=\"Martus\" \/>\n<meta property=\"article:modified_time\" content=\"2024-05-02T08:46:46+00:00\" \/>\n<meta property=\"og:image\" content=\"https:\/\/martus.sk\/wp-content\/uploads\/2022\/03\/logo-martus-nove.png\" \/>\n\t<meta property=\"og:image:width\" content=\"350\" \/>\n\t<meta property=\"og:image:height\" content=\"71\" \/>\n\t<meta property=\"og:image:type\" content=\"image\/png\" \/>\n<meta name=\"twitter:card\" content=\"summary_large_image\" \/>\n<meta name=\"twitter:label1\" content=\"Estimated reading time\" \/>\n\t<meta name=\"twitter:data1\" content=\"1 minute\" \/>\n<script type=\"application\/ld+json\" class=\"yoast-schema-graph\">{\"@context\":\"https:\\\/\\\/schema.org\",\"@graph\":[{\"@type\":\"WebPage\",\"@id\":\"https:\\\/\\\/martus.sk\\\/novinky\\\/\",\"url\":\"https:\\\/\\\/martus.sk\\\/novinky\\\/\",\"name\":\"Novinky - Martus\",\"isPartOf\":{\"@id\":\"https:\\\/\\\/martus.sk\\\/#website\"},\"datePublished\":\"2024-04-17T13:25:16+00:00\",\"dateModified\":\"2024-05-02T08:46:46+00:00\",\"breadcrumb\":{\"@id\":\"https:\\\/\\\/martus.sk\\\/novinky\\\/#breadcrumb\"},\"inLanguage\":\"en-GB\",\"potentialAction\":[{\"@type\":\"ReadAction\",\"target\":[\"https:\\\/\\\/martus.sk\\\/novinky\\\/\"]}]},{\"@type\":\"BreadcrumbList\",\"@id\":\"https:\\\/\\\/martus.sk\\\/novinky\\\/#breadcrumb\",\"itemListElement\":[{\"@type\":\"ListItem\",\"position\":1,\"name\":\"Domovsk\u00e1 str\u00e1nka\",\"item\":\"https:\\\/\\\/martus.sk\\\/\"},{\"@type\":\"ListItem\",\"position\":2,\"name\":\"Novinky\"}]},{\"@type\":\"WebSite\",\"@id\":\"https:\\\/\\\/martus.sk\\\/#website\",\"url\":\"https:\\\/\\\/martus.sk\\\/\",\"name\":\"Martus\",\"description\":\"sheet metal technology\",\"publisher\":{\"@id\":\"https:\\\/\\\/martus.sk\\\/#organization\"},\"potentialAction\":[{\"@type\":\"SearchAction\",\"target\":{\"@type\":\"EntryPoint\",\"urlTemplate\":\"https:\\\/\\\/martus.sk\\\/?s={search_term_string}\"},\"query-input\":{\"@type\":\"PropertyValueSpecification\",\"valueRequired\":true,\"valueName\":\"search_term_string\"}}],\"inLanguage\":\"en-GB\"},{\"@type\":\"Organization\",\"@id\":\"https:\\\/\\\/martus.sk\\\/#organization\",\"name\":\"Martus\",\"url\":\"https:\\\/\\\/martus.sk\\\/\",\"logo\":{\"@type\":\"ImageObject\",\"inLanguage\":\"en-GB\",\"@id\":\"https:\\\/\\\/martus.sk\\\/#\\\/schema\\\/logo\\\/image\\\/\",\"url\":\"https:\\\/\\\/martus.sk\\\/wp-content\\\/uploads\\\/2022\\\/03\\\/logo-martus-nove.png\",\"contentUrl\":\"https:\\\/\\\/martus.sk\\\/wp-content\\\/uploads\\\/2022\\\/03\\\/logo-martus-nove.png\",\"width\":350,\"height\":71,\"caption\":\"Martus\"},\"image\":{\"@id\":\"https:\\\/\\\/martus.sk\\\/#\\\/schema\\\/logo\\\/image\\\/\"}}]}<\/script>\n<!-- \/ Yoast SEO plugin. -->","yoast_head_json":{"title":"Novinky - Martus","robots":{"index":"index","follow":"follow","max-snippet":"max-snippet:-1","max-image-preview":"max-image-preview:large","max-video-preview":"max-video-preview:-1"},"canonical":"https:\/\/martus.sk\/en\/news\/","og_locale":"en_GB","og_type":"article","og_title":"Novinky - Martus","og_url":"https:\/\/martus.sk\/en\/news\/","og_site_name":"Martus","article_modified_time":"2024-05-02T08:46:46+00:00","og_image":[{"width":350,"height":71,"url":"https:\/\/martus.sk\/wp-content\/uploads\/2022\/03\/logo-martus-nove.png","type":"image\/png"}],"twitter_card":"summary_large_image","twitter_misc":{"Estimated reading time":"1 minute"},"schema":{"@context":"https:\/\/schema.org","@graph":[{"@type":"WebPage","@id":"https:\/\/martus.sk\/novinky\/","url":"https:\/\/martus.sk\/novinky\/","name":"Novinky - Martus","isPartOf":{"@id":"https:\/\/martus.sk\/#website"},"datePublished":"2024-04-17T13:25:16+00:00","dateModified":"2024-05-02T08:46:46+00:00","breadcrumb":{"@id":"https:\/\/martus.sk\/novinky\/#breadcrumb"},"inLanguage":"en-GB","potentialAction":[{"@type":"ReadAction","target":["https:\/\/martus.sk\/novinky\/"]}]},{"@type":"BreadcrumbList","@id":"https:\/\/martus.sk\/novinky\/#breadcrumb","itemListElement":[{"@type":"ListItem","position":1,"name":"Domovsk\u00e1 str\u00e1nka","item":"https:\/\/martus.sk\/"},{"@type":"ListItem","position":2,"name":"Novinky"}]},{"@type":"WebSite","@id":"https:\/\/martus.sk\/#website","url":"https:\/\/martus.sk\/","name":"Martus","description":"sheet metal technology","publisher":{"@id":"https:\/\/martus.sk\/#organization"},"potentialAction":[{"@type":"SearchAction","target":{"@type":"EntryPoint","urlTemplate":"https:\/\/martus.sk\/?s={search_term_string}"},"query-input":{"@type":"PropertyValueSpecification","valueRequired":true,"valueName":"search_term_string"}}],"inLanguage":"en-GB"},{"@type":"Organization","@id":"https:\/\/martus.sk\/#organization","name":"Martus","url":"https:\/\/martus.sk\/","logo":{"@type":"ImageObject","inLanguage":"en-GB","@id":"https:\/\/martus.sk\/#\/schema\/logo\/image\/","url":"https:\/\/martus.sk\/wp-content\/uploads\/2022\/03\/logo-martus-nove.png","contentUrl":"https:\/\/martus.sk\/wp-content\/uploads\/2022\/03\/logo-martus-nove.png","width":350,"height":71,"caption":"Martus"},"image":{"@id":"https:\/\/martus.sk\/#\/schema\/logo\/image\/"}}]}},"_links":{"self":[{"href":"https:\/\/martus.sk\/en\/wp-json\/wp\/v2\/pages\/2894","targetHints":{"allow":["GET"]}}],"collection":[{"href":"https:\/\/martus.sk\/en\/wp-json\/wp\/v2\/pages"}],"about":[{"href":"https:\/\/martus.sk\/en\/wp-json\/wp\/v2\/types\/page"}],"author":[{"embeddable":true,"href":"https:\/\/martus.sk\/en\/wp-json\/wp\/v2\/users\/6"}],"replies":[{"embeddable":true,"href":"https:\/\/martus.sk\/en\/wp-json\/wp\/v2\/comments?post=2894"}],"version-history":[{"count":7,"href":"https:\/\/martus.sk\/en\/wp-json\/wp\/v2\/pages\/2894\/revisions"}],"predecessor-version":[{"id":2978,"href":"https:\/\/martus.sk\/en\/wp-json\/wp\/v2\/pages\/2894\/revisions\/2978"}],"wp:attachment":[{"href":"https:\/\/martus.sk\/en\/wp-json\/wp\/v2\/media?parent=2894"}],"curies":[{"name":"wp","href":"https:\/\/api.w.org\/{rel}","templated":true}]}}