{"id":854,"date":"2019-10-07T10:48:50","date_gmt":"2019-10-07T10:48:50","guid":{"rendered":"http:\/\/www.nicdarkthemes.com\/themes\/construction\/wp\/demo\/construction\/?page_id=854"},"modified":"2025-09-23T09:14:29","modified_gmt":"2025-09-23T07:14:29","slug":"kontakt","status":"publish","type":"page","link":"https:\/\/martus.sk\/en\/contact\/","title":{"rendered":"Contacts"},"content":{"rendered":"<div class=\"vc_row wpb_row vc_row-fluid vc_custom_1540821878031 vc_row-o-equal-height vc_row-o-content-middle vc_row-flex\"><div class=\"wpb_column vc_column_container vc_col-sm-4\"><div class=\"vc_column-inner\"><div class=\"wpb_wrapper\"><div style=\"background-color:;height: 30px\" class=\"nicdark_section\"><\/div>\n    <div style=\"text-align:center\" class=\"nd_options_section\">\n      <img decoding=\"async\" alt=\"\" style=\"width:70px\" class=\"nd_options_margin_0 nd_options_padding_0\" src=\"https:\/\/martus.sk\/wp-content\/uploads\/2022\/03\/adresa-Martus-sro-Nove-Zamky.png\">\n    <\/div>\n   <div style=\"background-color:;height: 15px\" class=\"nicdark_section\"><\/div>\n\t<div class=\"wpb_text_column wpb_content_element\" >\n\t\t<div class=\"wpb_wrapper\">\n\t\t\t<p style=\"text-align: center; font-size: 18px;\">Pova\u017esk\u00e1 67, 940 67 Nov\u00e9 Z\u00e1mky<\/p>\n\n\t\t<\/div>\n\t<\/div>\n<div style=\"background-color:;height: 30px\" class=\"nicdark_section\"><\/div><\/div><\/div><\/div><div class=\"wpb_column vc_column_container vc_col-sm-4\"><div class=\"vc_column-inner\"><div class=\"wpb_wrapper\"><div style=\"background-color:;height: 30px\" class=\"nicdark_section\"><\/div>\n    <div style=\"text-align:center\" class=\"nd_options_section\">\n      <img decoding=\"async\" alt=\"\" style=\"width:70px\" class=\"nd_options_margin_0 nd_options_padding_0\" src=\"https:\/\/martus.sk\/wp-content\/uploads\/2022\/03\/telefon-Martus-sro-Nove-Zamky.png\">\n    <\/div>\n   <div style=\"background-color:;height: 15px\" class=\"nicdark_section\"><\/div>\n\t<div class=\"wpb_text_column wpb_content_element  sk-tel\" >\n\t\t<div class=\"wpb_wrapper\">\n\t\t\t<p style=\"text-align: center; font-size: 18px;\"><a href=\"tel: 421356400844\">+421 35 6400 844<\/a><\/p>\n<p style=\"text-align: center;\"><em>Slovak, English<\/em><\/p>\n\n\t\t<\/div>\n\t<\/div>\n\n\t<div class=\"wpb_text_column wpb_content_element  ik-tel\" >\n\t\t<div class=\"wpb_wrapper\">\n\t\t\t<p style=\"text-align: center; font-size: 18px;\"><a href=\"tel: 421903614153\">+421\u00a0903\u00a0614 153<\/a><\/p>\n<p style=\"text-align: center;\"><em>Slovak, English<\/em><\/p>\n\n\t\t<\/div>\n\t<\/div>\n<div style=\"background-color:;height: 30px\" class=\"nicdark_section\"><\/div><\/div><\/div><\/div><div class=\"wpb_column vc_column_container vc_col-sm-4\"><div class=\"vc_column-inner\"><div class=\"wpb_wrapper\"><div style=\"background-color:;height: 30px\" class=\"nicdark_section\"><\/div>\n    <div style=\"text-align:center\" class=\"nd_options_section\">\n      <img decoding=\"async\" alt=\"\" style=\"width:70px\" class=\"nd_options_margin_0 nd_options_padding_0\" src=\"https:\/\/martus.sk\/wp-content\/uploads\/2022\/03\/e-mail-Martus-sro-Nove-Zamky.png\">\n    <\/div>\n   <div style=\"background-color:;height: 15px\" class=\"nicdark_section\"><\/div>\n\t<div class=\"wpb_text_column wpb_content_element\" >\n\t\t<div class=\"wpb_wrapper\">\n\t\t\t<p style=\"text-align: center; font-size: 18px;\"><a href=\"mailto:info@martus.sk\">info@martus.sk<\/a><\/p>\n\n\t\t<\/div>\n\t<\/div>\n<div style=\"background-color:;height: 30px\" class=\"nicdark_section\"><\/div><\/div><\/div><\/div><\/div><div class=\"vc_row wpb_row vc_row-fluid vc_custom_1547042338956 vc_row-o-equal-height vc_row-o-content-middle vc_row-flex\"><div class=\"nd_options_margin_0_first_div_important_responsive wpb_column vc_column_container vc_col-sm-4\"><div class=\"vc_column-inner vc_custom_1548406524826\"><div class=\"wpb_wrapper\"><div class=\"vc_row wpb_row vc_inner vc_row-fluid\"><div class=\"wpb_column vc_column_container vc_col-sm-12 vc_col-has-fill\"><div class=\"vc_column-inner vc_custom_1650971501016\"><div class=\"wpb_wrapper\"><div style=\"background-color:;height: 50px\" class=\"nicdark_section\"><\/div> <h3 style=\"color:#ffffff;padding:px;text-align:center;font-size:20px;line-height:20px;letter-spacing: 2px;font-weight:normal\" class=\"nd_options_first_font\">OUR COMPANY<\/h3> <div style=\"background-color:;height: 25px\" class=\"nicdark_section\"><\/div> <p style=\"color:#ffffff;padding:px;text-align:center;font-size:px;line-height:px;letter-spacing: px;font-weight:normal\" class=\"nd_options_first_font\">MARTUS, s.r.o.<\/p>  <p style=\"color:#ffffff;padding:px;text-align:center;font-size:px;line-height:px;letter-spacing: px;font-weight:normal\" class=\"nd_options_first_font\">I\u010cO: 36520012<\/p>  <p style=\"color:#ffffff;padding:px;text-align:center;font-size:px;line-height:px;letter-spacing: px;font-weight:normal\" class=\"nd_options_first_font\">DI\u010c: 2020143246<\/p>  <p style=\"color:#ffffff;padding:px;text-align:center;font-size:px;line-height:px;letter-spacing: px;font-weight:normal\" class=\"nd_options_first_font\">I\u010c DPH: SK2020143246<\/p> <div style=\"background-color:;height: 50px\" class=\"nicdark_section\"><\/div><\/div><\/div><\/div><\/div><div style=\"background-color:;height: 30px\" class=\"nicdark_section\"><\/div><\/div><\/div><\/div><div class=\"nd_options_margin_0_first_div_important_responsive wpb_column vc_column_container vc_col-sm-8 vc_col-has-fill\"><div class=\"vc_column-inner vc_custom_1647942306731\"><div class=\"wpb_wrapper\"><div class=\"wpb_gmaps_widget wpb_content_element\"><div class=\"wpb_wrapper\"><div class=\"wpb_map_wraper\"><iframe src=\"https:\/\/www.google.com\/maps\/embed?pb=!1m14!1m8!1m3!1d10678.32652212353!2d18.1669008!3d48.0024719!3m2!1i1024!2i768!4f13.1!3m3!1m2!1s0x0%3A0x1ff3c49002b3a3e0!2sMartus%20Sro!5e0!3m2!1ssk!2ssk!4v1647941674099!5m2!1ssk!2ssk\" width=\"800\" height=\"640\" style=\"border:0;\" allowfullscreen=\"\" loading=\"lazy\"><\/iframe><\/div><\/div><\/div><\/div><\/div><\/div><\/div><div data-vc-full-width=\"true\" data-vc-full-width-init=\"false\" data-vc-parallax=\"1.5\" data-vc-parallax-image=\"https:\/\/martus.sk\/wp-content\/uploads\/2022\/02\/slide2.jpg\" class=\"vc_row wpb_row vc_row-fluid nd_options_padding_0_first_div_important_all_iphone nd_options_vc_parallax_filter_cc_5 vc_custom_1650971464482 vc_row-has-fill vc_row-o-content-middle vc_row-flex vc_general vc_parallax vc_parallax-content-moving\"><div class=\"wpb_column vc_column_container vc_col-sm-6\"><div class=\"vc_column-inner\"><div class=\"wpb_wrapper\"> <h3 style=\"color:#ffffff;padding:px;text-align:;font-size:px;line-height:px;letter-spacing: 2px;font-weight:normal\" class=\"nd_options_first_font\">CONTACT US<\/h3> <div style=\"background-color:;height: 20px\" class=\"nicdark_section\"><\/div> <h2 style=\"color:#ffffff;padding:px;text-align:;font-size:50px;line-height:60px;letter-spacing: 1px;font-weight:normal\" class=\"nd_options_line_height_40_important_all_iphone nd_options_font_size_40_important_all_iphone nd_options_first_font\">Our team<\/h2> <div style=\"background-color:;height: 35px\" class=\"nicdark_section\"><\/div>\n\n    <div class=\"nd_options_section nd_options_position_relative service_pro_home\">\n\n        <img decoding=\"async\" style=\"top:px\" alt=\"\" class=\"nd_options_position_absolute nd_options_left_0\" width=\"150\" src=\"https:\/\/martus.sk\/wp-content\/uploads\/2024\/04\/martus-kostolaniova-3.jpg\">\n\n        <div style=\"padding-left:170px\" class=\"nd_options_section nd_options_box_sizing_border_box\">\n            \n            <h3 class=\"\" style=\"margin:;color:#ffffff;font-size:20px;line-height:20px\">Owner, Human Resources<\/h3> \n            <p class=\"\" style=\"margin:20px 0px;color:#ffffff;font-size:14px;line-height:24px\">Ing. Zuzana Kostol\u00e1niov\u00e1<br \/>\nEmail: z.kostolaniova@martus.sk<\/p> \n            <a class=\"nd_options_first_font nd_options_display_inline_block\" style=\"font-size:16px;line-height:16px;border-radius:0px;border:2px solid #ffffff;background-color:;padding:5px 10px;color:#ffffff\" rel=\"\" href=\"mailto:z.kostolaniova@martus.sk\">Write a message<\/a>\n\n        <\/div>\n\n    <\/div>\n\n  <div style=\"background-color:;height: 30px\" class=\"nicdark_section\"><\/div>\n\n    <div class=\"nd_options_section nd_options_position_relative service_pro_home\">\n\n        <img decoding=\"async\" style=\"top:px\" alt=\"\" class=\"nd_options_position_absolute nd_options_left_0\" width=\"150\" src=\"https:\/\/martus.sk\/wp-content\/uploads\/2022\/04\/kostolani.jpg\">\n\n        <div style=\"padding-left:170px\" class=\"nd_options_section nd_options_box_sizing_border_box\">\n            \n            <h3 class=\"\" style=\"margin:;color:#ffffff;font-size:20px;line-height:20px\">Sales Director<\/h3> \n            <p class=\"\" style=\"margin:20px 0px;color:#ffffff;font-size:14px;line-height:24px\">Ing. Igor Kostol\u00e1ni<br \/>\nEmail: i.kostolani@martus.sk<br \/>\n<i>Slovak, English<\/i><\/p> \n            <a class=\"nd_options_first_font nd_options_display_inline_block\" style=\"font-size:16px;line-height:16px;border-radius:0px;border:2px solid #ffffff;background-color:;padding:5px 10px;color:#ffffff\" rel=\"\" href=\"mailto:i.kostolani@martus.sk\">Write a message<\/a>\n\n        <\/div>\n\n    <\/div>\n\n  <div style=\"background-color:;height: 30px\" class=\"nicdark_section\"><\/div>\n\n    <div class=\"nd_options_section nd_options_position_relative service_pro_home\">\n\n        <img decoding=\"async\" style=\"top:px\" alt=\"\" class=\"nd_options_position_absolute nd_options_left_0\" width=\"150\" src=\"https:\/\/martus.sk\/wp-content\/uploads\/2022\/04\/dekany.jpg\">\n\n        <div style=\"padding-left:170px\" class=\"nd_options_section nd_options_box_sizing_border_box\">\n            \n            <h3 class=\"\" style=\"margin:;color:#ffffff;font-size:20px;line-height:20px\">Technical Director<\/h3> \n            <p class=\"\" style=\"margin:20px 0px;color:#ffffff;font-size:14px;line-height:24px\">Ing. Peter D\u00e9kany<br \/>\nEmail: p.dekany@martus.sk<\/p> \n            <a class=\"nd_options_first_font nd_options_display_inline_block\" style=\"font-size:16px;line-height:16px;border-radius:0px;border:2px solid #ffffff;background-color:;padding:5px 10px;color:#ffffff\" rel=\"\" href=\"mailto:p.dekany@martus.sk\">Write a message<\/a>\n\n        <\/div>\n\n    <\/div>\n\n  <div style=\"background-color:;height: 30px\" class=\"nicdark_section\"><\/div>\n\n    <div class=\"nd_options_section nd_options_position_relative service_pro_home\">\n\n        <img decoding=\"async\" style=\"top:px\" alt=\"\" class=\"nd_options_position_absolute nd_options_left_0\" width=\"150\" src=\"https:\/\/martus.sk\/wp-content\/uploads\/2022\/04\/urbeniova.jpg\">\n\n        <div style=\"padding-left:170px\" class=\"nd_options_section nd_options_box_sizing_border_box\">\n            \n            <h3 class=\"\" style=\"margin:;color:#ffffff;font-size:20px;line-height:20px\">Purchasing<\/h3> \n            <p class=\"\" style=\"margin:20px 0px;color:#ffffff;font-size:14px;line-height:24px\">Jana \u00dcrb\u00e9nyiov\u00e1<br \/>\nEmail: j.urbeniova@martus.sk<\/p> \n            <a class=\"nd_options_first_font nd_options_display_inline_block\" style=\"font-size:16px;line-height:16px;border-radius:0px;border:2px solid #ffffff;background-color:;padding:5px 10px;color:#ffffff\" rel=\"\" href=\"mailto:j.urbeniova@martus.sk\">Write a message<\/a>\n\n        <\/div>\n\n    <\/div>\n\n  <div style=\"background-color:;height: 30px\" class=\"nicdark_section\"><\/div><\/div><\/div><\/div><div class=\"wpb_column vc_column_container vc_col-sm-6 vc_col-has-fill\"><div class=\"vc_column-inner vc_custom_1569570719194\"><div class=\"wpb_wrapper\"> <h2 style=\"color:;padding:px;text-align:center;font-size:px;line-height:px;letter-spacing: px;font-weight:\" class=\"\">CONTACT US<\/h2> <div style=\"background-color:;height: 20px\" class=\"nicdark_section\"><\/div> <p style=\"color:;padding:px;text-align:center;font-size:px;line-height:px;letter-spacing: px;font-weight:\" class=\"\">Do you have any questions or are you interested in our services? Write to us and we will contact you by return mail.<\/p> <div style=\"background-color:;height: 20px\" class=\"nicdark_section\"><\/div>\n\t<div class=\"wpb_raw_code wpb_content_element wpb_raw_html\" >\n\t\t<div class=\"wpb_wrapper\">\n\t\t\t\n\n\n<p style=\"text-align: center;\">You can send your questions to us at: <a style=\"color:black;\" href=\"mailto:info@martus.sk\">info@martus.sk<\/a><\/p>\n\n\n\n\n\n<div style=\"display: none\">\n\n \n<div class=\"wpcf7 no-js\" id=\"wpcf7-f2670-o1\" lang=\"en-US\" dir=\"ltr\">\n<div class=\"screen-reader-response\"><p role=\"status\" aria-live=\"polite\" aria-atomic=\"true\"><\/p> <ul><\/ul><\/div>\n<form action=\"\/en\/wp-json\/wp\/v2\/pages\/854#wpcf7-f2670-o1\" method=\"post\" class=\"wpcf7-form init wpcf7-acceptance-as-validation\" aria-label=\"Contact form\" novalidate=\"novalidate\" data-status=\"init\" data-trp-original-action=\"\/en\/wp-json\/wp\/v2\/pages\/854#wpcf7-f2670-o1\">\n<div style=\"display: none;\">\n<input type=\"hidden\" name=\"_wpcf7\" value=\"2670\" \/>\n<input type=\"hidden\" name=\"_wpcf7_version\" value=\"5.8.2\" \/>\n<input type=\"hidden\" name=\"_wpcf7_locale\" value=\"en_US\" \/>\n<input type=\"hidden\" name=\"_wpcf7_unit_tag\" value=\"wpcf7-f2670-o1\" \/>\n<input type=\"hidden\" name=\"_wpcf7_container_post\" value=\"0\" \/>\n<input type=\"hidden\" name=\"_wpcf7_posted_data_hash\" value=\"\" \/>\n<input type=\"hidden\" name=\"_wpcf7_recaptcha_response\" value=\"\" \/>\n<\/div>\n<p>Name:<br \/>\n<span class=\"wpcf7-form-control-wrap\" data-name=\"name-form\"><input size=\"40\" class=\"wpcf7-form-control wpcf7-text wpcf7-validates-as-required nd_options_padding_10_20_important nd_options_margin_top_10\" aria-required=\"true\" aria-invalid=\"false\" placeholder=\"NAME\" value=\"\" type=\"text\" name=\"name-form\" \/><\/span><br \/>\nE-mail:<br \/>\n<span class=\"wpcf7-form-control-wrap\" data-name=\"email\"><input size=\"40\" class=\"wpcf7-form-control wpcf7-email wpcf7-validates-as-required wpcf7-text wpcf7-validates-as-email nd_options_padding_10_20_important nd_options_margin_top_10\" aria-required=\"true\" aria-invalid=\"false\" placeholder=\"E-MAIL\" value=\"\" type=\"email\" name=\"email\" \/><\/span><br \/>\nMessage:<br \/>\n<span class=\"wpcf7-form-control-wrap\" data-name=\"message\"><textarea cols=\"40\" rows=\"5\" class=\"wpcf7-form-control wpcf7-textarea nd_options_padding_10_20_important nd_options_margin_top_10\" aria-invalid=\"false\" placeholder=\"MESSAGE\" name=\"message\"><\/textarea><\/span><br \/>\n<span class=\"wpcf7-form-control-wrap\" data-name=\"acceptance-403\"><span class=\"wpcf7-form-control wpcf7-acceptance\"><span class=\"wpcf7-list-item\"><label><input type=\"checkbox\" name=\"acceptance-403\" value=\"1\" class=\"suhlas-gdpr\" aria-invalid=\"false\" \/><span class=\"wpcf7-list-item-label\">I have read and agree to the <a href=\"\/en\/ochrana-sukromia\/\"\" target=\"_Blank\">processing of personal data<\/a>.<\/span><\/label><\/span><\/span><\/span>\n<\/p>\n<p class=\"recapcha-text mb-0\">This site is protected by reCAPTCHA and the Google <a href=\"https:\/\/policies.google.com\/privacy\" target=\"_Blank\">Privacy Policy<\/a> and <a href=\"https:\/\/policies.google.com\/terms\" target=\"_Blank\">Terms of Service<\/a> apply.\n<\/p>\n<p><input class=\"wpcf7-form-control wpcf7-submit has-spinner nd_booking_padding_15_30_important nd_options_color_white nd_options_display_inline_block nd_options_font_size_14 nd_options_letter_spacing_2 nd_options_section\" type=\"submit\" value=\"SEND A MESSAGE\" \/>\n<\/p><div class=\"wpcf7-response-output\" aria-hidden=\"true\"><\/div>\n<input type=\"hidden\" name=\"trp-form-language\" value=\"en\"\/><\/form>\n<\/div>\n \n\n<\/div>\n\t\t<\/div>\n\t<\/div>\n<\/div><\/div><\/div><\/div><div class=\"vc_row-full-width vc_clearfix\"><\/div>","protected":false},"excerpt":{"rendered":"Pova\u017esk\u00e1 67, 940 67 Nov\u00e9 Z\u00e1mky +421 35 6400 844 Sloven\u010dina, Angli\u010dtina +421\u00a0903\u00a0614 153 Sloven\u010dina, Angli\u010dtina info@martus.sk NA\u0160A SPOLO\u010cNOS\u0164 MARTUS, s.r.o. I\u010cO: 36520012 DI\u010c: 2020143246 I\u010c DPH: SK2020143246 KONTAKTUJTE N\u00c1S N\u00e1\u0161 t\u00edm Konate\u013e, personalistka Ing. Zuzana Kostol\u00e1niov\u00e1 Email: z.kostolaniova@martus.sk Nap\u00edsa\u0165 spr\u00e1vu Obchodn\u00fd riadite\u013e Ing. Igor Kostol\u00e1ni Email: i.kostolani@martus.sk Sloven\u010dina, Angli\u010dtina Nap\u00edsa\u0165 spr\u00e1vu Technick\u00fd riadite\u013e Ing. [...]","protected":false},"author":1,"featured_media":0,"parent":0,"menu_order":0,"comment_status":"closed","ping_status":"closed","template":"","meta":{"footnotes":""},"class_list":["post-854","page","type-page","status-publish","hentry"],"yoast_head":"<!-- This site is optimized with the Yoast SEO plugin v27.4 - https:\/\/yoast.com\/product\/yoast-seo-wordpress\/ -->\n<title>Kontakt | Martus - CNC spracovanie plechov a kovov\u00fdroba Nov\u00e9 Z\u00e1mky<\/title>\n<meta name=\"description\" content=\"Martus Nov\u00e9 Z\u00e1mky sa zameriava na komplexn\u00e9 CNC technol\u00f3gie spracovania plechov a disponuje kvalitn\u00fdm strojov\u00fdm parkom. Kontaktujte n\u00e1s.\" \/>\n<meta name=\"robots\" content=\"index, follow, max-snippet:-1, max-image-preview:large, max-video-preview:-1\" \/>\n<link rel=\"canonical\" href=\"https:\/\/martus.sk\/en\/contact\/\" \/>\n<meta property=\"og:locale\" content=\"en_GB\" \/>\n<meta property=\"og:type\" content=\"article\" \/>\n<meta property=\"og:title\" content=\"Kontakt | Martus - CNC spracovanie plechov a kovov\u00fdroba Nov\u00e9 Z\u00e1mky\" \/>\n<meta property=\"og:description\" content=\"Martus Nov\u00e9 Z\u00e1mky sa zameriava na komplexn\u00e9 CNC technol\u00f3gie spracovania plechov a disponuje kvalitn\u00fdm strojov\u00fdm parkom. Kontaktujte n\u00e1s.\" \/>\n<meta property=\"og:url\" content=\"https:\/\/martus.sk\/en\/contact\/\" \/>\n<meta property=\"og:site_name\" content=\"Martus\" \/>\n<meta property=\"article:modified_time\" content=\"2025-09-23T07:14:29+00:00\" \/>\n<meta property=\"og:image\" content=\"https:\/\/martus.sk\/wp-content\/uploads\/2022\/03\/logo-martus-nove.png\" \/>\n\t<meta property=\"og:image:width\" content=\"350\" \/>\n\t<meta property=\"og:image:height\" content=\"71\" \/>\n\t<meta property=\"og:image:type\" content=\"image\/png\" \/>\n<meta name=\"twitter:card\" content=\"summary_large_image\" \/>\n<meta name=\"twitter:label1\" content=\"Estimated reading time\" \/>\n\t<meta name=\"twitter:data1\" content=\"5 minutes\" \/>\n<script type=\"application\/ld+json\" class=\"yoast-schema-graph\">{\"@context\":\"https:\\\/\\\/schema.org\",\"@graph\":[{\"@type\":\"WebPage\",\"@id\":\"https:\\\/\\\/martus.sk\\\/kontakt\\\/\",\"url\":\"https:\\\/\\\/martus.sk\\\/kontakt\\\/\",\"name\":\"Kontakt | Martus - CNC spracovanie plechov a kovov\u00fdroba Nov\u00e9 Z\u00e1mky\",\"isPartOf\":{\"@id\":\"https:\\\/\\\/martus.sk\\\/#website\"},\"datePublished\":\"2019-10-07T10:48:50+00:00\",\"dateModified\":\"2025-09-23T07:14:29+00:00\",\"description\":\"Martus Nov\u00e9 Z\u00e1mky sa zameriava na komplexn\u00e9 CNC technol\u00f3gie spracovania plechov a disponuje kvalitn\u00fdm strojov\u00fdm parkom. Kontaktujte n\u00e1s.\",\"breadcrumb\":{\"@id\":\"https:\\\/\\\/martus.sk\\\/kontakt\\\/#breadcrumb\"},\"inLanguage\":\"en-GB\",\"potentialAction\":[{\"@type\":\"ReadAction\",\"target\":[\"https:\\\/\\\/martus.sk\\\/kontakt\\\/\"]}]},{\"@type\":\"BreadcrumbList\",\"@id\":\"https:\\\/\\\/martus.sk\\\/kontakt\\\/#breadcrumb\",\"itemListElement\":[{\"@type\":\"ListItem\",\"position\":1,\"name\":\"Domovsk\u00e1 str\u00e1nka\",\"item\":\"https:\\\/\\\/martus.sk\\\/\"},{\"@type\":\"ListItem\",\"position\":2,\"name\":\"Kontakt\"}]},{\"@type\":\"WebSite\",\"@id\":\"https:\\\/\\\/martus.sk\\\/#website\",\"url\":\"https:\\\/\\\/martus.sk\\\/\",\"name\":\"Martus\",\"description\":\"sheet metal technology\",\"publisher\":{\"@id\":\"https:\\\/\\\/martus.sk\\\/#organization\"},\"potentialAction\":[{\"@type\":\"SearchAction\",\"target\":{\"@type\":\"EntryPoint\",\"urlTemplate\":\"https:\\\/\\\/martus.sk\\\/?s={search_term_string}\"},\"query-input\":{\"@type\":\"PropertyValueSpecification\",\"valueRequired\":true,\"valueName\":\"search_term_string\"}}],\"inLanguage\":\"en-GB\"},{\"@type\":\"Organization\",\"@id\":\"https:\\\/\\\/martus.sk\\\/#organization\",\"name\":\"Martus\",\"url\":\"https:\\\/\\\/martus.sk\\\/\",\"logo\":{\"@type\":\"ImageObject\",\"inLanguage\":\"en-GB\",\"@id\":\"https:\\\/\\\/martus.sk\\\/#\\\/schema\\\/logo\\\/image\\\/\",\"url\":\"https:\\\/\\\/martus.sk\\\/wp-content\\\/uploads\\\/2022\\\/03\\\/logo-martus-nove.png\",\"contentUrl\":\"https:\\\/\\\/martus.sk\\\/wp-content\\\/uploads\\\/2022\\\/03\\\/logo-martus-nove.png\",\"width\":350,\"height\":71,\"caption\":\"Martus\"},\"image\":{\"@id\":\"https:\\\/\\\/martus.sk\\\/#\\\/schema\\\/logo\\\/image\\\/\"}}]}<\/script>\n<!-- \/ Yoast SEO plugin. -->","yoast_head_json":{"title":"Kontakt | Martus - CNC spracovanie plechov a kovov\u00fdroba Nov\u00e9 Z\u00e1mky","description":"Martus Nov\u00e9 Z\u00e1mky sa zameriava na komplexn\u00e9 CNC technol\u00f3gie spracovania plechov a disponuje kvalitn\u00fdm strojov\u00fdm parkom. Kontaktujte n\u00e1s.","robots":{"index":"index","follow":"follow","max-snippet":"max-snippet:-1","max-image-preview":"max-image-preview:large","max-video-preview":"max-video-preview:-1"},"canonical":"https:\/\/martus.sk\/en\/contact\/","og_locale":"en_GB","og_type":"article","og_title":"Kontakt | Martus - CNC spracovanie plechov a kovov\u00fdroba Nov\u00e9 Z\u00e1mky","og_description":"Martus Nov\u00e9 Z\u00e1mky sa zameriava na komplexn\u00e9 CNC technol\u00f3gie spracovania plechov a disponuje kvalitn\u00fdm strojov\u00fdm parkom. Kontaktujte n\u00e1s.","og_url":"https:\/\/martus.sk\/en\/contact\/","og_site_name":"Martus","article_modified_time":"2025-09-23T07:14:29+00:00","og_image":[{"width":350,"height":71,"url":"https:\/\/martus.sk\/wp-content\/uploads\/2022\/03\/logo-martus-nove.png","type":"image\/png"}],"twitter_card":"summary_large_image","twitter_misc":{"Estimated reading time":"5 minutes"},"schema":{"@context":"https:\/\/schema.org","@graph":[{"@type":"WebPage","@id":"https:\/\/martus.sk\/kontakt\/","url":"https:\/\/martus.sk\/kontakt\/","name":"Kontakt | Martus - CNC spracovanie plechov a kovov\u00fdroba Nov\u00e9 Z\u00e1mky","isPartOf":{"@id":"https:\/\/martus.sk\/#website"},"datePublished":"2019-10-07T10:48:50+00:00","dateModified":"2025-09-23T07:14:29+00:00","description":"Martus Nov\u00e9 Z\u00e1mky sa zameriava na komplexn\u00e9 CNC technol\u00f3gie spracovania plechov a disponuje kvalitn\u00fdm strojov\u00fdm parkom. Kontaktujte n\u00e1s.","breadcrumb":{"@id":"https:\/\/martus.sk\/kontakt\/#breadcrumb"},"inLanguage":"en-GB","potentialAction":[{"@type":"ReadAction","target":["https:\/\/martus.sk\/kontakt\/"]}]},{"@type":"BreadcrumbList","@id":"https:\/\/martus.sk\/kontakt\/#breadcrumb","itemListElement":[{"@type":"ListItem","position":1,"name":"Domovsk\u00e1 str\u00e1nka","item":"https:\/\/martus.sk\/"},{"@type":"ListItem","position":2,"name":"Kontakt"}]},{"@type":"WebSite","@id":"https:\/\/martus.sk\/#website","url":"https:\/\/martus.sk\/","name":"Martus","description":"sheet metal technology","publisher":{"@id":"https:\/\/martus.sk\/#organization"},"potentialAction":[{"@type":"SearchAction","target":{"@type":"EntryPoint","urlTemplate":"https:\/\/martus.sk\/?s={search_term_string}"},"query-input":{"@type":"PropertyValueSpecification","valueRequired":true,"valueName":"search_term_string"}}],"inLanguage":"en-GB"},{"@type":"Organization","@id":"https:\/\/martus.sk\/#organization","name":"Martus","url":"https:\/\/martus.sk\/","logo":{"@type":"ImageObject","inLanguage":"en-GB","@id":"https:\/\/martus.sk\/#\/schema\/logo\/image\/","url":"https:\/\/martus.sk\/wp-content\/uploads\/2022\/03\/logo-martus-nove.png","contentUrl":"https:\/\/martus.sk\/wp-content\/uploads\/2022\/03\/logo-martus-nove.png","width":350,"height":71,"caption":"Martus"},"image":{"@id":"https:\/\/martus.sk\/#\/schema\/logo\/image\/"}}]}},"_links":{"self":[{"href":"https:\/\/martus.sk\/en\/wp-json\/wp\/v2\/pages\/854","targetHints":{"allow":["GET"]}}],"collection":[{"href":"https:\/\/martus.sk\/en\/wp-json\/wp\/v2\/pages"}],"about":[{"href":"https:\/\/martus.sk\/en\/wp-json\/wp\/v2\/types\/page"}],"author":[{"embeddable":true,"href":"https:\/\/martus.sk\/en\/wp-json\/wp\/v2\/users\/1"}],"replies":[{"embeddable":true,"href":"https:\/\/martus.sk\/en\/wp-json\/wp\/v2\/comments?post=854"}],"version-history":[{"count":27,"href":"https:\/\/martus.sk\/en\/wp-json\/wp\/v2\/pages\/854\/revisions"}],"predecessor-version":[{"id":3022,"href":"https:\/\/martus.sk\/en\/wp-json\/wp\/v2\/pages\/854\/revisions\/3022"}],"wp:attachment":[{"href":"https:\/\/martus.sk\/en\/wp-json\/wp\/v2\/media?parent=854"}],"curies":[{"name":"wp","href":"https:\/\/api.w.org\/{rel}","templated":true}]}}